{"id":134,"date":"2018-04-25T13:55:34","date_gmt":"2018-04-25T13:55:34","guid":{"rendered":"https:\/\/www.mariannaapartman.hu\/?page_id=134"},"modified":"2018-05-25T15:19:55","modified_gmt":"2018-05-25T15:19:55","slug":"anreise","status":"publish","type":"page","link":"https:\/\/www.mariannaapartman.hu\/de\/anreise\/","title":{"rendered":"Anreise"},"content":{"rendered":"<p>Wenn Sie in ihrem Wagen GPS haben, k\u00f6nnen Sie folgende Adresse eingeben: 8800 Nagykanizsa, Erzs\u00e9bet t\u00e9r 20.; 8749 Zalakaros, Sz\u0151l\u0151 u. 12.<br \/>\noder folgende GPS-Koordinaten (Nagykanizsa: N 46.456212\u00b0, E 16.989182\u00b0; Zalakaros: N 46.549918\u00b0, E 17.121018\u00b0).<\/p>\n<p>Sie k\u00f6nnen auch mit der Bahn zu uns kommen, hierbei hilft <a href=\"http:\/\/www.mav-start.hu\/deutsch\/index.php\" target=\"_blank\" rel=\"noopener\">MENETREND vom M\u00c1V-Start<\/a>.<\/p>\n<p>In der N\u00e4he (ca. 20 km) liegt der Flughafen <a href=\"http:\/\/www.hevizairport.com\/\" target=\"_blank\" rel=\"noopener\">H\u00e9v\u00edz Balaton Airport.<\/a>.<\/p>\n","protected":false},"excerpt":{"rendered":"<p>Wenn Sie in ihrem Wagen GPS haben, k\u00f6nnen Sie folgende Adresse eingeben: 8800 Nagykanizsa, Erzs\u00e9bet t\u00e9r 20.; 8749 Zalakaros, Sz\u0151l\u0151 u. 12. oder folgende GPS-Koordinaten (Nagykanizsa: N 46.456212\u00b0, E 16.989182\u00b0; Zalakaros: N 46.549918\u00b0, E 17.121018\u00b0). Sie k\u00f6nnen auch mit der Bahn zu uns kommen, hierbei hilft MENETREND vom M\u00c1V-Start. In der N\u00e4he (ca. 20 km) [&hellip;]<\/p>\n","protected":false},"author":1,"featured_media":0,"parent":0,"menu_order":0,"comment_status":"closed","ping_status":"closed","template":"","meta":{"footnotes":""},"class_list":["post-134","page","type-page","status-publish","hentry"],"yoast_head":"<!-- This site is optimized with the Yoast SEO plugin v27.1.1 - https:\/\/yoast.com\/product\/yoast-seo-wordpress\/ -->\n<title>Appartementhaus Marianna \u00bb Zalakaros \u00bb Zahnarztpraxis \u00bb Anreise<\/title>\n<meta name=\"description\" content=\"Erholen Sie sich in Zalakaros! In der N\u00e4he vom Heilbad erwartet Sie unser Appartementhaus, mit exzellenter Unterkunft und mit modernem Zahnarztpraxis.\" \/>\n<meta name=\"robots\" content=\"index, follow, max-snippet:-1, max-image-preview:large, max-video-preview:-1\" \/>\n<link rel=\"canonical\" href=\"https:\/\/www.mariannaapartman.hu\/de\/anreise\/\" \/>\n<meta property=\"og:locale\" content=\"de_DE\" \/>\n<meta property=\"og:type\" content=\"article\" \/>\n<meta property=\"og:title\" content=\"Appartementhaus Marianna \u00bb Zalakaros \u00bb Zahnarztpraxis \u00bb Anreise\" \/>\n<meta property=\"og:description\" content=\"Erholen Sie sich in Zalakaros! In der N\u00e4he vom Heilbad erwartet Sie unser Appartementhaus, mit exzellenter Unterkunft und mit modernem Zahnarztpraxis.\" \/>\n<meta property=\"og:url\" content=\"https:\/\/www.mariannaapartman.hu\/de\/anreise\/\" \/>\n<meta property=\"og:site_name\" content=\"Marianna Apartmanh\u00e1z Zalakaros \u00bb Dr. Muczer Marianna fog\u00e1szati mag\u00e1npraxis\" \/>\n<meta property=\"article:modified_time\" content=\"2018-05-25T15:19:55+00:00\" \/>\n<meta name=\"twitter:card\" content=\"summary_large_image\" \/>\n<script type=\"application\/ld+json\" class=\"yoast-schema-graph\">{\"@context\":\"https:\/\/schema.org\",\"@graph\":[{\"@type\":\"WebPage\",\"@id\":\"https:\/\/www.mariannaapartman.hu\/de\/anreise\/\",\"url\":\"https:\/\/www.mariannaapartman.hu\/de\/anreise\/\",\"name\":\"Appartementhaus Marianna \u00bb Zalakaros \u00bb Zahnarztpraxis \u00bb Anreise\",\"isPartOf\":{\"@id\":\"https:\/\/www.mariannaapartman.hu\/#website\"},\"datePublished\":\"2018-04-25T13:55:34+00:00\",\"dateModified\":\"2018-05-25T15:19:55+00:00\",\"description\":\"Erholen Sie sich in Zalakaros! In der N\u00e4he vom Heilbad erwartet Sie unser Appartementhaus, mit exzellenter Unterkunft und mit modernem Zahnarztpraxis.\",\"breadcrumb\":{\"@id\":\"https:\/\/www.mariannaapartman.hu\/de\/anreise\/#breadcrumb\"},\"inLanguage\":\"de\",\"potentialAction\":[{\"@type\":\"ReadAction\",\"target\":[\"https:\/\/www.mariannaapartman.hu\/de\/anreise\/\"]}]},{\"@type\":\"BreadcrumbList\",\"@id\":\"https:\/\/www.mariannaapartman.hu\/de\/anreise\/#breadcrumb\",\"itemListElement\":[{\"@type\":\"ListItem\",\"position\":1,\"name\":\"Home\",\"item\":\"https:\/\/www.mariannaapartman.hu\/\"},{\"@type\":\"ListItem\",\"position\":2,\"name\":\"Anreise\"}]},{\"@type\":\"WebSite\",\"@id\":\"https:\/\/www.mariannaapartman.hu\/#website\",\"url\":\"https:\/\/www.mariannaapartman.hu\/\",\"name\":\"Marianna Apartmanh\u00e1z Zalakaros \u00bb Dr. Muczer Marianna fog\u00e1szati mag\u00e1npraxis\",\"description\":\"\",\"potentialAction\":[{\"@type\":\"SearchAction\",\"target\":{\"@type\":\"EntryPoint\",\"urlTemplate\":\"https:\/\/www.mariannaapartman.hu\/?s={search_term_string}\"},\"query-input\":{\"@type\":\"PropertyValueSpecification\",\"valueRequired\":true,\"valueName\":\"search_term_string\"}}],\"inLanguage\":\"de\"}]}<\/script>\n<!-- \/ Yoast SEO plugin. -->","yoast_head_json":{"title":"Appartementhaus Marianna \u00bb Zalakaros \u00bb Zahnarztpraxis \u00bb Anreise","description":"Erholen Sie sich in Zalakaros! In der N\u00e4he vom Heilbad erwartet Sie unser Appartementhaus, mit exzellenter Unterkunft und mit modernem Zahnarztpraxis.","robots":{"index":"index","follow":"follow","max-snippet":"max-snippet:-1","max-image-preview":"max-image-preview:large","max-video-preview":"max-video-preview:-1"},"canonical":"https:\/\/www.mariannaapartman.hu\/de\/anreise\/","og_locale":"de_DE","og_type":"article","og_title":"Appartementhaus Marianna \u00bb Zalakaros \u00bb Zahnarztpraxis \u00bb Anreise","og_description":"Erholen Sie sich in Zalakaros! In der N\u00e4he vom Heilbad erwartet Sie unser Appartementhaus, mit exzellenter Unterkunft und mit modernem Zahnarztpraxis.","og_url":"https:\/\/www.mariannaapartman.hu\/de\/anreise\/","og_site_name":"Marianna Apartmanh\u00e1z Zalakaros \u00bb Dr. Muczer Marianna fog\u00e1szati mag\u00e1npraxis","article_modified_time":"2018-05-25T15:19:55+00:00","twitter_card":"summary_large_image","schema":{"@context":"https:\/\/schema.org","@graph":[{"@type":"WebPage","@id":"https:\/\/www.mariannaapartman.hu\/de\/anreise\/","url":"https:\/\/www.mariannaapartman.hu\/de\/anreise\/","name":"Appartementhaus Marianna \u00bb Zalakaros \u00bb Zahnarztpraxis \u00bb Anreise","isPartOf":{"@id":"https:\/\/www.mariannaapartman.hu\/#website"},"datePublished":"2018-04-25T13:55:34+00:00","dateModified":"2018-05-25T15:19:55+00:00","description":"Erholen Sie sich in Zalakaros! In der N\u00e4he vom Heilbad erwartet Sie unser Appartementhaus, mit exzellenter Unterkunft und mit modernem Zahnarztpraxis.","breadcrumb":{"@id":"https:\/\/www.mariannaapartman.hu\/de\/anreise\/#breadcrumb"},"inLanguage":"de","potentialAction":[{"@type":"ReadAction","target":["https:\/\/www.mariannaapartman.hu\/de\/anreise\/"]}]},{"@type":"BreadcrumbList","@id":"https:\/\/www.mariannaapartman.hu\/de\/anreise\/#breadcrumb","itemListElement":[{"@type":"ListItem","position":1,"name":"Home","item":"https:\/\/www.mariannaapartman.hu\/"},{"@type":"ListItem","position":2,"name":"Anreise"}]},{"@type":"WebSite","@id":"https:\/\/www.mariannaapartman.hu\/#website","url":"https:\/\/www.mariannaapartman.hu\/","name":"Marianna Apartmanh\u00e1z Zalakaros \u00bb Dr. Muczer Marianna fog\u00e1szati mag\u00e1npraxis","description":"","potentialAction":[{"@type":"SearchAction","target":{"@type":"EntryPoint","urlTemplate":"https:\/\/www.mariannaapartman.hu\/?s={search_term_string}"},"query-input":{"@type":"PropertyValueSpecification","valueRequired":true,"valueName":"search_term_string"}}],"inLanguage":"de"}]}},"_links":{"self":[{"href":"https:\/\/www.mariannaapartman.hu\/de\/wp-json\/wp\/v2\/pages\/134","targetHints":{"allow":["GET"]}}],"collection":[{"href":"https:\/\/www.mariannaapartman.hu\/de\/wp-json\/wp\/v2\/pages"}],"about":[{"href":"https:\/\/www.mariannaapartman.hu\/de\/wp-json\/wp\/v2\/types\/page"}],"author":[{"embeddable":true,"href":"https:\/\/www.mariannaapartman.hu\/de\/wp-json\/wp\/v2\/users\/1"}],"replies":[{"embeddable":true,"href":"https:\/\/www.mariannaapartman.hu\/de\/wp-json\/wp\/v2\/comments?post=134"}],"version-history":[{"count":0,"href":"https:\/\/www.mariannaapartman.hu\/de\/wp-json\/wp\/v2\/pages\/134\/revisions"}],"wp:attachment":[{"href":"https:\/\/www.mariannaapartman.hu\/de\/wp-json\/wp\/v2\/media?parent=134"}],"curies":[{"name":"wp","href":"https:\/\/api.w.org\/{rel}","templated":true}]}}