{"id":135,"date":"2018-04-25T13:55:53","date_gmt":"2018-04-25T13:55:53","guid":{"rendered":"https:\/\/www.mariannaapartman.hu\/?page_id=135"},"modified":"2018-05-25T15:21:09","modified_gmt":"2018-05-25T15:21:09","slug":"zalakaros","status":"publish","type":"page","link":"https:\/\/www.mariannaapartman.hu\/de\/zalakaros\/","title":{"rendered":"Zalakaros"},"content":{"rendered":"<p>Man sagt, Zalakaros ist ein Ort der sch\u00f6nsten Blumen und des gesunden Heilwassers. Der Ort ist europaweit bekannt wegen seines Heilbades, doch es gibt auch andere sch\u00f6ne Sachen hier in der Umgebung, die einen \u00fcberraschen k\u00f6nnen. Das Herz des Ortes bleibt aber das Heilbad, in dem Jung und Alt das Richtige f\u00fcr sich finden k\u00f6nnen, sei es Sport oder Wellness. Daf\u00fcr sorgen seine Einrichtungen und die 5000 m<sup>2<\/sup> gro\u00dfe Wasserfl\u00e4che.<\/p>\n<p>Wenn Sie mehr \u00fcber Zalakaros erfahren m\u00f6chten, bitte besuchen Sie die Webseite: <a href=\"https:\/\/zalakaros.hu\/\" target=\"_blank\" rel=\"noopener\">www.zalakaros.hu<\/a><\/p>\n<div class=\"row gallery\">\n            <div class=\"col-md-6 col-lg-4\">\n                <div class=\"gallery-image-wrap\">\n                    <a data-gallery=\"gallery-1\" rel=\"gallery-1\" href=\"https:\/\/www.mariannaapartman.hu\/files\/zalakaros_1.jpg\">\n                        <img decoding=\"async\" src=\"https:\/\/www.mariannaapartman.hu\/files\/zalakaros_1-508x381.jpg\" alt=\"\" class=\"img-fluid\">\n                    <\/a>\n                <\/div>\n            <\/div>\n            <div class=\"col-md-6 col-lg-4\">\n                <div class=\"gallery-image-wrap\">\n                    <a data-gallery=\"gallery-1\" rel=\"gallery-1\" href=\"https:\/\/www.mariannaapartman.hu\/files\/zalakaros_2.jpg\">\n                        <img decoding=\"async\" src=\"https:\/\/www.mariannaapartman.hu\/files\/zalakaros_2-508x381.jpg\" alt=\"\" class=\"img-fluid\">\n                    <\/a>\n                <\/div>\n            <\/div>\n            <div class=\"col-md-6 col-lg-4\">\n                <div class=\"gallery-image-wrap\">\n                    <a data-gallery=\"gallery-1\" rel=\"gallery-1\" href=\"https:\/\/www.mariannaapartman.hu\/files\/zalakaros_3.jpg\">\n                        <img decoding=\"async\" src=\"https:\/\/www.mariannaapartman.hu\/files\/zalakaros_3-508x381.jpg\" alt=\"\" class=\"img-fluid\">\n                    <\/a>\n                <\/div>\n            <\/div><\/div>\n<p>&nbsp;<\/p>\n<h1>DAS HEIL- UND ERLEBNISBAD ZALAKAROS<\/h1>\n<p>Die Einrichtungen und Dienstleistungen des Bades (Gr\u00e1nit Gy\u00f3gyf\u00fcrd\u0151) bieten f\u00fcr die ganze Familie ganzj\u00e4hrig viele Erholungsm\u00f6glichkeiten beim Baden, Sport oder beim Relaxen. Die gro\u00dfe \u00fcberdachte Fl\u00e4che erm\u00f6glicht auch im Winter, das Bad unbeschwert zu genie\u00dfen.<\/p>\n<p>Mehr Info bei: <a href=\"http:\/\/www.hellozalakaros.hu\/\" target=\"_blank\" rel=\"noopener\">www.hellozalakaros.hu<\/a><\/p>\n<div class=\"row gallery\">\n            <div class=\"col-md-6 col-lg-4\">\n                <div class=\"gallery-image-wrap\">\n                    <a data-gallery=\"gallery-2\" rel=\"gallery-2\" href=\"https:\/\/www.mariannaapartman.hu\/files\/furdo_1.jpg\">\n                        <img decoding=\"async\" src=\"https:\/\/www.mariannaapartman.hu\/files\/furdo_1-508x381.jpg\" alt=\"\" class=\"img-fluid\">\n                    <\/a>\n                <\/div>\n            <\/div>\n            <div class=\"col-md-6 col-lg-4\">\n                <div class=\"gallery-image-wrap\">\n                    <a data-gallery=\"gallery-2\" rel=\"gallery-2\" href=\"https:\/\/www.mariannaapartman.hu\/files\/furdo_2.jpg\">\n                        <img decoding=\"async\" src=\"https:\/\/www.mariannaapartman.hu\/files\/furdo_2-508x381.jpg\" alt=\"\" class=\"img-fluid\">\n                    <\/a>\n                <\/div>\n            <\/div>\n            <div class=\"col-md-6 col-lg-4\">\n                <div class=\"gallery-image-wrap\">\n                    <a data-gallery=\"gallery-2\" rel=\"gallery-2\" href=\"https:\/\/www.mariannaapartman.hu\/files\/furdo_3.jpg\">\n                        <img decoding=\"async\" src=\"https:\/\/www.mariannaapartman.hu\/files\/furdo_3-508x381.jpg\" alt=\"\" class=\"img-fluid\">\n                    <\/a>\n                <\/div>\n            <\/div><\/div>\n<p>&nbsp;<\/p>\n<h1>FREIZEIT UND SPASS IN ZALAKAROS UND UMGEBUNG<\/h1>\n<p>Die Umgebung von Zalakaros mit ihrer H\u00fcgellandschaft ist das ideale Ziel f\u00fcr Leute, die gern wandern. Andere, die gern Rad fahren, finden ihren Spa\u00df auf den flachen Ebenen bei Kisbalaton und im Zalatal. In Zalakaros stehen Ihnen mehrere Sport- und Tennispl\u00e4tze zur Verf\u00fcgung. Au\u00dferhalb der Stadt kann man reiten, Drachen fliegen oder Heissluftballon fahren.<\/p>\n<p>(Folgende Links geben mehr Information &#8211; anklicken)<\/p>\n<ul>\n<li><a href=\"https:\/\/zalakaros.hu\/de\/freizeit#sehensw\u00fcrdigkeiten\" target=\"_blank\" rel=\"noopener\">Ausfl\u00fcge<\/a><\/li>\n<li><a href=\"https:\/\/zalakaros.hu\/de\/freizeit#touren\" target=\"_blank\" rel=\"noopener\">Touren<\/a><\/li>\n<li><a href=\"https:\/\/zalakaros.hu\/de\/fahrradtouren\" target=\"_blank\" rel=\"noopener\">Radtouren<\/a><\/li>\n<li><a href=\"https:\/\/zalakaros.hu\/de\/freizeit#sport\" target=\"_blank\" rel=\"noopener\">Sport (Angeln, Reiten)<\/a><\/li>\n<\/ul>\n<div class=\"row gallery\">\n            <div class=\"col-md-6 col-lg-4\">\n                <div class=\"gallery-image-wrap\">\n                    <a data-gallery=\"gallery-3\" rel=\"gallery-3\" href=\"https:\/\/www.mariannaapartman.hu\/files\/zalakaros_latnivalo_1.jpg\">\n                        <img decoding=\"async\" src=\"https:\/\/www.mariannaapartman.hu\/files\/zalakaros_latnivalo_1-508x381.jpg\" alt=\"\" class=\"img-fluid\">\n                    <\/a>\n                <\/div>\n            <\/div>\n            <div class=\"col-md-6 col-lg-4\">\n                <div class=\"gallery-image-wrap\">\n                    <a data-gallery=\"gallery-3\" rel=\"gallery-3\" href=\"https:\/\/www.mariannaapartman.hu\/files\/zalakaros_latnivalo_2.jpg\">\n                        <img decoding=\"async\" src=\"https:\/\/www.mariannaapartman.hu\/files\/zalakaros_latnivalo_2-508x381.jpg\" alt=\"\" class=\"img-fluid\">\n                    <\/a>\n                <\/div>\n            <\/div>\n            <div class=\"col-md-6 col-lg-4\">\n                <div class=\"gallery-image-wrap\">\n                    <a data-gallery=\"gallery-3\" rel=\"gallery-3\" href=\"https:\/\/www.mariannaapartman.hu\/files\/zalakaros_latnivalo_3.jpg\">\n                        <img decoding=\"async\" src=\"https:\/\/www.mariannaapartman.hu\/files\/zalakaros_latnivalo_3-508x381.jpg\" alt=\"\" class=\"img-fluid\">\n                    <\/a>\n                <\/div>\n            <\/div><\/div>\n","protected":false},"excerpt":{"rendered":"<p>Man sagt, Zalakaros ist ein Ort der sch\u00f6nsten Blumen und des gesunden Heilwassers. Der Ort ist europaweit bekannt wegen seines Heilbades, doch es gibt auch andere sch\u00f6ne Sachen hier in der Umgebung, die einen \u00fcberraschen k\u00f6nnen. Das Herz des Ortes bleibt aber das Heilbad, in dem Jung und Alt das Richtige f\u00fcr sich finden k\u00f6nnen, [&hellip;]<\/p>\n","protected":false},"author":1,"featured_media":0,"parent":0,"menu_order":0,"comment_status":"closed","ping_status":"closed","template":"","meta":{"footnotes":""},"class_list":["post-135","page","type-page","status-publish","hentry"],"yoast_head":"<!-- This site is optimized with the Yoast SEO plugin v27.1.1 - https:\/\/yoast.com\/product\/yoast-seo-wordpress\/ -->\n<title>Appartementhaus Marianna \u00bb Zalakaros \u00bb Zahnarztpraxis<\/title>\n<meta name=\"description\" content=\"Erholen Sie sich in Zalakaros! In der N\u00e4he vom Heilbad erwartet Sie unser Appartementhaus, mit exzellenter Unterkunft und mit modernem Zahnarztpraxis.\" \/>\n<meta name=\"robots\" content=\"index, follow, max-snippet:-1, max-image-preview:large, max-video-preview:-1\" \/>\n<link rel=\"canonical\" href=\"https:\/\/www.mariannaapartman.hu\/de\/zalakaros\/\" \/>\n<meta property=\"og:locale\" content=\"de_DE\" \/>\n<meta property=\"og:type\" content=\"article\" \/>\n<meta property=\"og:title\" content=\"Appartementhaus Marianna \u00bb Zalakaros \u00bb Zahnarztpraxis\" \/>\n<meta property=\"og:description\" content=\"Erholen Sie sich in Zalakaros! In der N\u00e4he vom Heilbad erwartet Sie unser Appartementhaus, mit exzellenter Unterkunft und mit modernem Zahnarztpraxis.\" \/>\n<meta property=\"og:url\" content=\"https:\/\/www.mariannaapartman.hu\/de\/zalakaros\/\" \/>\n<meta property=\"og:site_name\" content=\"Marianna Apartmanh\u00e1z Zalakaros \u00bb Dr. Muczer Marianna fog\u00e1szati mag\u00e1npraxis\" \/>\n<meta property=\"article:modified_time\" content=\"2018-05-25T15:21:09+00:00\" \/>\n<meta property=\"og:image\" content=\"https:\/\/www.mariannaapartman.hu\/files\/zalakaros_1-508x381.jpg\" \/>\n<meta name=\"twitter:card\" content=\"summary_large_image\" \/>\n<meta name=\"twitter:label1\" content=\"Gesch\u00e4tzte Lesezeit\" \/>\n\t<meta name=\"twitter:data1\" content=\"1\u00a0Minute\" \/>\n<script type=\"application\/ld+json\" class=\"yoast-schema-graph\">{\"@context\":\"https:\/\/schema.org\",\"@graph\":[{\"@type\":\"WebPage\",\"@id\":\"https:\/\/www.mariannaapartman.hu\/de\/zalakaros\/\",\"url\":\"https:\/\/www.mariannaapartman.hu\/de\/zalakaros\/\",\"name\":\"Appartementhaus Marianna \u00bb Zalakaros \u00bb Zahnarztpraxis\",\"isPartOf\":{\"@id\":\"https:\/\/www.mariannaapartman.hu\/#website\"},\"datePublished\":\"2018-04-25T13:55:53+00:00\",\"dateModified\":\"2018-05-25T15:21:09+00:00\",\"description\":\"Erholen Sie sich in Zalakaros! In der N\u00e4he vom Heilbad erwartet Sie unser Appartementhaus, mit exzellenter Unterkunft und mit modernem Zahnarztpraxis.\",\"breadcrumb\":{\"@id\":\"https:\/\/www.mariannaapartman.hu\/de\/zalakaros\/#breadcrumb\"},\"inLanguage\":\"de\",\"potentialAction\":[{\"@type\":\"ReadAction\",\"target\":[\"https:\/\/www.mariannaapartman.hu\/de\/zalakaros\/\"]}]},{\"@type\":\"BreadcrumbList\",\"@id\":\"https:\/\/www.mariannaapartman.hu\/de\/zalakaros\/#breadcrumb\",\"itemListElement\":[{\"@type\":\"ListItem\",\"position\":1,\"name\":\"Home\",\"item\":\"https:\/\/www.mariannaapartman.hu\/\"},{\"@type\":\"ListItem\",\"position\":2,\"name\":\"Zalakaros\"}]},{\"@type\":\"WebSite\",\"@id\":\"https:\/\/www.mariannaapartman.hu\/#website\",\"url\":\"https:\/\/www.mariannaapartman.hu\/\",\"name\":\"Marianna Apartmanh\u00e1z Zalakaros \u00bb Dr. Muczer Marianna fog\u00e1szati mag\u00e1npraxis\",\"description\":\"\",\"potentialAction\":[{\"@type\":\"SearchAction\",\"target\":{\"@type\":\"EntryPoint\",\"urlTemplate\":\"https:\/\/www.mariannaapartman.hu\/?s={search_term_string}\"},\"query-input\":{\"@type\":\"PropertyValueSpecification\",\"valueRequired\":true,\"valueName\":\"search_term_string\"}}],\"inLanguage\":\"de\"}]}<\/script>\n<!-- \/ Yoast SEO plugin. -->","yoast_head_json":{"title":"Appartementhaus Marianna \u00bb Zalakaros \u00bb Zahnarztpraxis","description":"Erholen Sie sich in Zalakaros! In der N\u00e4he vom Heilbad erwartet Sie unser Appartementhaus, mit exzellenter Unterkunft und mit modernem Zahnarztpraxis.","robots":{"index":"index","follow":"follow","max-snippet":"max-snippet:-1","max-image-preview":"max-image-preview:large","max-video-preview":"max-video-preview:-1"},"canonical":"https:\/\/www.mariannaapartman.hu\/de\/zalakaros\/","og_locale":"de_DE","og_type":"article","og_title":"Appartementhaus Marianna \u00bb Zalakaros \u00bb Zahnarztpraxis","og_description":"Erholen Sie sich in Zalakaros! In der N\u00e4he vom Heilbad erwartet Sie unser Appartementhaus, mit exzellenter Unterkunft und mit modernem Zahnarztpraxis.","og_url":"https:\/\/www.mariannaapartman.hu\/de\/zalakaros\/","og_site_name":"Marianna Apartmanh\u00e1z Zalakaros \u00bb Dr. Muczer Marianna fog\u00e1szati mag\u00e1npraxis","article_modified_time":"2018-05-25T15:21:09+00:00","og_image":[{"url":"https:\/\/www.mariannaapartman.hu\/files\/zalakaros_1-508x381.jpg","type":"","width":"","height":""}],"twitter_card":"summary_large_image","twitter_misc":{"Gesch\u00e4tzte Lesezeit":"1\u00a0Minute"},"schema":{"@context":"https:\/\/schema.org","@graph":[{"@type":"WebPage","@id":"https:\/\/www.mariannaapartman.hu\/de\/zalakaros\/","url":"https:\/\/www.mariannaapartman.hu\/de\/zalakaros\/","name":"Appartementhaus Marianna \u00bb Zalakaros \u00bb Zahnarztpraxis","isPartOf":{"@id":"https:\/\/www.mariannaapartman.hu\/#website"},"datePublished":"2018-04-25T13:55:53+00:00","dateModified":"2018-05-25T15:21:09+00:00","description":"Erholen Sie sich in Zalakaros! In der N\u00e4he vom Heilbad erwartet Sie unser Appartementhaus, mit exzellenter Unterkunft und mit modernem Zahnarztpraxis.","breadcrumb":{"@id":"https:\/\/www.mariannaapartman.hu\/de\/zalakaros\/#breadcrumb"},"inLanguage":"de","potentialAction":[{"@type":"ReadAction","target":["https:\/\/www.mariannaapartman.hu\/de\/zalakaros\/"]}]},{"@type":"BreadcrumbList","@id":"https:\/\/www.mariannaapartman.hu\/de\/zalakaros\/#breadcrumb","itemListElement":[{"@type":"ListItem","position":1,"name":"Home","item":"https:\/\/www.mariannaapartman.hu\/"},{"@type":"ListItem","position":2,"name":"Zalakaros"}]},{"@type":"WebSite","@id":"https:\/\/www.mariannaapartman.hu\/#website","url":"https:\/\/www.mariannaapartman.hu\/","name":"Marianna Apartmanh\u00e1z Zalakaros \u00bb Dr. Muczer Marianna fog\u00e1szati mag\u00e1npraxis","description":"","potentialAction":[{"@type":"SearchAction","target":{"@type":"EntryPoint","urlTemplate":"https:\/\/www.mariannaapartman.hu\/?s={search_term_string}"},"query-input":{"@type":"PropertyValueSpecification","valueRequired":true,"valueName":"search_term_string"}}],"inLanguage":"de"}]}},"_links":{"self":[{"href":"https:\/\/www.mariannaapartman.hu\/de\/wp-json\/wp\/v2\/pages\/135","targetHints":{"allow":["GET"]}}],"collection":[{"href":"https:\/\/www.mariannaapartman.hu\/de\/wp-json\/wp\/v2\/pages"}],"about":[{"href":"https:\/\/www.mariannaapartman.hu\/de\/wp-json\/wp\/v2\/types\/page"}],"author":[{"embeddable":true,"href":"https:\/\/www.mariannaapartman.hu\/de\/wp-json\/wp\/v2\/users\/1"}],"replies":[{"embeddable":true,"href":"https:\/\/www.mariannaapartman.hu\/de\/wp-json\/wp\/v2\/comments?post=135"}],"version-history":[{"count":0,"href":"https:\/\/www.mariannaapartman.hu\/de\/wp-json\/wp\/v2\/pages\/135\/revisions"}],"wp:attachment":[{"href":"https:\/\/www.mariannaapartman.hu\/de\/wp-json\/wp\/v2\/media?parent=135"}],"curies":[{"name":"wp","href":"https:\/\/api.w.org\/{rel}","templated":true}]}}