{"id":55,"date":"2018-04-25T12:41:47","date_gmt":"2018-04-25T12:41:47","guid":{"rendered":"https:\/\/www.mariannaapartman.hu\/?page_id=55"},"modified":"2020-10-13T08:00:31","modified_gmt":"2020-10-13T08:00:31","slug":"appartementhaus","status":"publish","type":"page","link":"https:\/\/www.mariannaapartman.hu\/de\/appartementhaus\/","title":{"rendered":"Appartementhaus"},"content":{"rendered":"<p>Im Zentrum von Zalakaros und rund 200 Meter vom Heilbad des Ortes entfernt findet man unser Appartementhaus. Die Einrichtung und Ausstattung der R\u00e4umlichkeiten entspricht den Bed\u00fcrfnissen von Alt und Jung. So bietet das Haus mit seinen Dienstleistungen gute Erholungsm\u00f6glichkeiten f\u00fcr Kleingruppen sowie und auch f\u00fcr Gro\u00dffamilien.<\/p>\n<div class=\"row gallery\">\n            <div class=\"col-md-6 col-lg-4\">\n                <div class=\"gallery-image-wrap\">\n                    <a data-gallery=\"gallery-1\" rel=\"gallery-1\" href=\"https:\/\/www.mariannaapartman.hu\/files\/apartmanhaz_01.jpg\">\n                        <img decoding=\"async\" src=\"https:\/\/www.mariannaapartman.hu\/files\/apartmanhaz_01-508x381.jpg\" alt=\"\" class=\"img-fluid\">\n                    <\/a>\n                <\/div>\n            <\/div>\n            <div class=\"col-md-6 col-lg-4\">\n                <div class=\"gallery-image-wrap\">\n                    <a data-gallery=\"gallery-1\" rel=\"gallery-1\" href=\"https:\/\/www.mariannaapartman.hu\/files\/apartmanhaz_02.jpg\">\n                        <img decoding=\"async\" src=\"https:\/\/www.mariannaapartman.hu\/files\/apartmanhaz_02-508x381.jpg\" alt=\"\" class=\"img-fluid\">\n                    <\/a>\n                <\/div>\n            <\/div>\n            <div class=\"col-md-6 col-lg-4\">\n                <div class=\"gallery-image-wrap\">\n                    <a data-gallery=\"gallery-1\" rel=\"gallery-1\" href=\"https:\/\/www.mariannaapartman.hu\/files\/fahaz_03.jpg\">\n                        <img decoding=\"async\" src=\"https:\/\/www.mariannaapartman.hu\/files\/fahaz_03-508x381.jpg\" alt=\"\" class=\"img-fluid\">\n                    <\/a>\n                <\/div>\n            <\/div><\/div><div class=\"row gallery\">\n            <div class=\"col-md-6 col-lg-4\">\n                <div class=\"gallery-image-wrap\">\n                    <a data-gallery=\"gallery-1\" rel=\"gallery-1\" href=\"https:\/\/www.mariannaapartman.hu\/files\/apartman6_02.jpg\">\n                        <img decoding=\"async\" src=\"https:\/\/www.mariannaapartman.hu\/files\/apartman6_02-508x381.jpg\" alt=\"\" class=\"img-fluid\">\n                    <\/a>\n                <\/div>\n            <\/div>\n            <div class=\"col-md-6 col-lg-4\">\n                <div class=\"gallery-image-wrap\">\n                    <a data-gallery=\"gallery-1\" rel=\"gallery-1\" href=\"https:\/\/www.mariannaapartman.hu\/files\/apartman5_04.jpg\">\n                        <img decoding=\"async\" src=\"https:\/\/www.mariannaapartman.hu\/files\/apartman5_04-508x381.jpg\" alt=\"\" class=\"img-fluid\">\n                    <\/a>\n                <\/div>\n            <\/div>\n            <div class=\"col-md-6 col-lg-4\">\n                <div class=\"gallery-image-wrap\">\n                    <a data-gallery=\"gallery-1\" rel=\"gallery-1\" href=\"https:\/\/www.mariannaapartman.hu\/files\/studio04.jpg\">\n                        <img decoding=\"async\" src=\"https:\/\/www.mariannaapartman.hu\/files\/studio04-508x381.jpg\" alt=\"\" class=\"img-fluid\">\n                    <\/a>\n                <\/div>\n            <\/div><\/div>\n<p>Im 1. Stock des Hauses befinden sich 4 <a href=\"https:\/\/www.mariannaapartman.hu\/de\/appartementhaus\/studios\/\">Studios<\/a>, im Erdgeschoss sind 2 Appartements eingerichtet (<a href=\"https:\/\/www.mariannaapartman.hu\/de\/appartementhaus\/appartement-no-5\/\">Appartement 5<\/a>\u00a0und <a href=\"https:\/\/www.mariannaapartman.hu\/de\/appartementhaus\/appartement-no-6\/\">Appartement 6<\/a>). Die Appartements sind wie folgt ausgestattet:<\/p>\n<ul>\n<li>Wi-Fi (wireless internet)<\/li>\n<li>Mehr Bilder<\/li>\n<li>Safe<\/li>\n<li>Kabel TV<\/li>\n<li>Minik\u00fcche<\/li>\n<li>K\u00fchlschrank<\/li>\n<li>Kaffeemaschine<\/li>\n<li>Teekocher<\/li>\n<li>Toster<\/li>\n<li>Mikrowelle<\/li>\n<li>Klimaanlage in den Studios<\/li>\n<li>Kinderbett auf Anfrage<\/li>\n<li>Abgeschlossene Parkm\u00f6glichkeit im Hof<\/li>\n<li>Handt\u00fccher, K\u00fcchent\u00fccher, Bettw\u00e4sche (w\u00f6chentlicher Wechsel)<\/li>\n<\/ul>\n<p>Im Hof befindet sich noch ein <a href=\"https:\/\/www.mariannaapartman.hu\/de\/appartementhaus\/gartenhaus\/\">Holzhaus<\/a>, in dem zu viert gewohnt werden kann, zu fast gleichen Ausstattungsbedingungen, wie in den Appartements.<\/p>\n<p><strong>Buchung &#8211; min. 3 \u00dcbernachtungen. Tiere nicht erlaubt (ausgenomen im Holzhaus). Bei uns k\u00f6nnen Sie am Tag der Anreise zwischen 15-18 Uhr einchecken, am Tag der Abreise bis um 10 Uhr auschecken.<\/strong><\/p>\n<p>Es ist noch zu erw\u00e4hnen, dass sich im Appartementhaus noch unsere <a href=\"https:\/\/www.mariannaapartman.hu\/de\/zahnarztpraxis\/\">Zahnarztpraxis<\/a> befinden. Gleich in der Nachbarschaft gibt es Gastst\u00e4tten und L\u00e4den, sowie ein Tennisplatz.<\/p>\n","protected":false},"excerpt":{"rendered":"<p>Im Zentrum von Zalakaros und rund 200 Meter vom Heilbad des Ortes entfernt findet man unser Appartementhaus. Die Einrichtung und Ausstattung der R\u00e4umlichkeiten entspricht den Bed\u00fcrfnissen von Alt und Jung. So bietet das Haus mit seinen Dienstleistungen gute Erholungsm\u00f6glichkeiten f\u00fcr Kleingruppen sowie und auch f\u00fcr Gro\u00dffamilien. Im 1. Stock des Hauses befinden sich 4 Studios, [&hellip;]<\/p>\n","protected":false},"author":1,"featured_media":0,"parent":0,"menu_order":0,"comment_status":"closed","ping_status":"closed","template":"","meta":{"footnotes":""},"class_list":["post-55","page","type-page","status-publish","hentry"],"yoast_head":"<!-- This site is optimized with the Yoast SEO plugin v27.1.1 - https:\/\/yoast.com\/product\/yoast-seo-wordpress\/ -->\n<title>Appartementhaus Marianna \u00bb Unterkunft im Zentrum von Zalakaros<\/title>\n<meta name=\"description\" content=\"Im Zentrum von Zalakaros und rund 200 Meter vom Heilbad des Ortes entfernt findet man unser Appartementhaus. Die Einrichtung und Ausstattung der R\u00e4umlichkeiten entspricht den Bed\u00fcrfnissen von Alt und Jung.\" \/>\n<meta name=\"robots\" content=\"index, follow, max-snippet:-1, max-image-preview:large, max-video-preview:-1\" \/>\n<link rel=\"canonical\" href=\"https:\/\/www.mariannaapartman.hu\/de\/appartementhaus\/\" \/>\n<meta property=\"og:locale\" content=\"de_DE\" \/>\n<meta property=\"og:type\" content=\"article\" \/>\n<meta property=\"og:title\" content=\"Appartementhaus Marianna \u00bb Unterkunft im Zentrum von Zalakaros\" \/>\n<meta property=\"og:description\" content=\"Im Zentrum von Zalakaros und rund 200 Meter vom Heilbad des Ortes entfernt findet man unser Appartementhaus. Die Einrichtung und Ausstattung der R\u00e4umlichkeiten entspricht den Bed\u00fcrfnissen von Alt und Jung.\" \/>\n<meta property=\"og:url\" content=\"https:\/\/www.mariannaapartman.hu\/de\/appartementhaus\/\" \/>\n<meta property=\"og:site_name\" content=\"Marianna Apartmanh\u00e1z Zalakaros \u00bb Dr. Muczer Marianna fog\u00e1szati mag\u00e1npraxis\" \/>\n<meta property=\"article:modified_time\" content=\"2020-10-13T08:00:31+00:00\" \/>\n<meta property=\"og:image\" content=\"https:\/\/www.mariannaapartman.hu\/files\/apartmanhaz_01-508x381.jpg\" \/>\n<meta name=\"twitter:card\" content=\"summary_large_image\" \/>\n<meta name=\"twitter:label1\" content=\"Gesch\u00e4tzte Lesezeit\" \/>\n\t<meta name=\"twitter:data1\" content=\"1\u00a0Minute\" \/>\n<script type=\"application\/ld+json\" class=\"yoast-schema-graph\">{\"@context\":\"https:\/\/schema.org\",\"@graph\":[{\"@type\":\"WebPage\",\"@id\":\"https:\/\/www.mariannaapartman.hu\/de\/appartementhaus\/\",\"url\":\"https:\/\/www.mariannaapartman.hu\/de\/appartementhaus\/\",\"name\":\"Appartementhaus Marianna \u00bb Unterkunft im Zentrum von Zalakaros\",\"isPartOf\":{\"@id\":\"https:\/\/www.mariannaapartman.hu\/#website\"},\"datePublished\":\"2018-04-25T12:41:47+00:00\",\"dateModified\":\"2020-10-13T08:00:31+00:00\",\"description\":\"Im Zentrum von Zalakaros und rund 200 Meter vom Heilbad des Ortes entfernt findet man unser Appartementhaus. Die Einrichtung und Ausstattung der R\u00e4umlichkeiten entspricht den Bed\u00fcrfnissen von Alt und Jung.\",\"breadcrumb\":{\"@id\":\"https:\/\/www.mariannaapartman.hu\/de\/appartementhaus\/#breadcrumb\"},\"inLanguage\":\"de\",\"potentialAction\":[{\"@type\":\"ReadAction\",\"target\":[\"https:\/\/www.mariannaapartman.hu\/de\/appartementhaus\/\"]}]},{\"@type\":\"BreadcrumbList\",\"@id\":\"https:\/\/www.mariannaapartman.hu\/de\/appartementhaus\/#breadcrumb\",\"itemListElement\":[{\"@type\":\"ListItem\",\"position\":1,\"name\":\"Home\",\"item\":\"https:\/\/www.mariannaapartman.hu\/\"},{\"@type\":\"ListItem\",\"position\":2,\"name\":\"Appartementhaus\"}]},{\"@type\":\"WebSite\",\"@id\":\"https:\/\/www.mariannaapartman.hu\/#website\",\"url\":\"https:\/\/www.mariannaapartman.hu\/\",\"name\":\"Marianna Apartmanh\u00e1z Zalakaros \u00bb Dr. Muczer Marianna fog\u00e1szati mag\u00e1npraxis\",\"description\":\"\",\"potentialAction\":[{\"@type\":\"SearchAction\",\"target\":{\"@type\":\"EntryPoint\",\"urlTemplate\":\"https:\/\/www.mariannaapartman.hu\/?s={search_term_string}\"},\"query-input\":{\"@type\":\"PropertyValueSpecification\",\"valueRequired\":true,\"valueName\":\"search_term_string\"}}],\"inLanguage\":\"de\"}]}<\/script>\n<!-- \/ Yoast SEO plugin. -->","yoast_head_json":{"title":"Appartementhaus Marianna \u00bb Unterkunft im Zentrum von Zalakaros","description":"Im Zentrum von Zalakaros und rund 200 Meter vom Heilbad des Ortes entfernt findet man unser Appartementhaus. Die Einrichtung und Ausstattung der R\u00e4umlichkeiten entspricht den Bed\u00fcrfnissen von Alt und Jung.","robots":{"index":"index","follow":"follow","max-snippet":"max-snippet:-1","max-image-preview":"max-image-preview:large","max-video-preview":"max-video-preview:-1"},"canonical":"https:\/\/www.mariannaapartman.hu\/de\/appartementhaus\/","og_locale":"de_DE","og_type":"article","og_title":"Appartementhaus Marianna \u00bb Unterkunft im Zentrum von Zalakaros","og_description":"Im Zentrum von Zalakaros und rund 200 Meter vom Heilbad des Ortes entfernt findet man unser Appartementhaus. Die Einrichtung und Ausstattung der R\u00e4umlichkeiten entspricht den Bed\u00fcrfnissen von Alt und Jung.","og_url":"https:\/\/www.mariannaapartman.hu\/de\/appartementhaus\/","og_site_name":"Marianna Apartmanh\u00e1z Zalakaros \u00bb Dr. Muczer Marianna fog\u00e1szati mag\u00e1npraxis","article_modified_time":"2020-10-13T08:00:31+00:00","og_image":[{"url":"https:\/\/www.mariannaapartman.hu\/files\/apartmanhaz_01-508x381.jpg","type":"","width":"","height":""}],"twitter_card":"summary_large_image","twitter_misc":{"Gesch\u00e4tzte Lesezeit":"1\u00a0Minute"},"schema":{"@context":"https:\/\/schema.org","@graph":[{"@type":"WebPage","@id":"https:\/\/www.mariannaapartman.hu\/de\/appartementhaus\/","url":"https:\/\/www.mariannaapartman.hu\/de\/appartementhaus\/","name":"Appartementhaus Marianna \u00bb Unterkunft im Zentrum von Zalakaros","isPartOf":{"@id":"https:\/\/www.mariannaapartman.hu\/#website"},"datePublished":"2018-04-25T12:41:47+00:00","dateModified":"2020-10-13T08:00:31+00:00","description":"Im Zentrum von Zalakaros und rund 200 Meter vom Heilbad des Ortes entfernt findet man unser Appartementhaus. Die Einrichtung und Ausstattung der R\u00e4umlichkeiten entspricht den Bed\u00fcrfnissen von Alt und Jung.","breadcrumb":{"@id":"https:\/\/www.mariannaapartman.hu\/de\/appartementhaus\/#breadcrumb"},"inLanguage":"de","potentialAction":[{"@type":"ReadAction","target":["https:\/\/www.mariannaapartman.hu\/de\/appartementhaus\/"]}]},{"@type":"BreadcrumbList","@id":"https:\/\/www.mariannaapartman.hu\/de\/appartementhaus\/#breadcrumb","itemListElement":[{"@type":"ListItem","position":1,"name":"Home","item":"https:\/\/www.mariannaapartman.hu\/"},{"@type":"ListItem","position":2,"name":"Appartementhaus"}]},{"@type":"WebSite","@id":"https:\/\/www.mariannaapartman.hu\/#website","url":"https:\/\/www.mariannaapartman.hu\/","name":"Marianna Apartmanh\u00e1z Zalakaros \u00bb Dr. Muczer Marianna fog\u00e1szati mag\u00e1npraxis","description":"","potentialAction":[{"@type":"SearchAction","target":{"@type":"EntryPoint","urlTemplate":"https:\/\/www.mariannaapartman.hu\/?s={search_term_string}"},"query-input":{"@type":"PropertyValueSpecification","valueRequired":true,"valueName":"search_term_string"}}],"inLanguage":"de"}]}},"_links":{"self":[{"href":"https:\/\/www.mariannaapartman.hu\/de\/wp-json\/wp\/v2\/pages\/55","targetHints":{"allow":["GET"]}}],"collection":[{"href":"https:\/\/www.mariannaapartman.hu\/de\/wp-json\/wp\/v2\/pages"}],"about":[{"href":"https:\/\/www.mariannaapartman.hu\/de\/wp-json\/wp\/v2\/types\/page"}],"author":[{"embeddable":true,"href":"https:\/\/www.mariannaapartman.hu\/de\/wp-json\/wp\/v2\/users\/1"}],"replies":[{"embeddable":true,"href":"https:\/\/www.mariannaapartman.hu\/de\/wp-json\/wp\/v2\/comments?post=55"}],"version-history":[{"count":0,"href":"https:\/\/www.mariannaapartman.hu\/de\/wp-json\/wp\/v2\/pages\/55\/revisions"}],"wp:attachment":[{"href":"https:\/\/www.mariannaapartman.hu\/de\/wp-json\/wp\/v2\/media?parent=55"}],"curies":[{"name":"wp","href":"https:\/\/api.w.org\/{rel}","templated":true}]}}