{"id":67,"date":"2018-04-25T13:25:41","date_gmt":"2018-04-25T13:25:41","guid":{"rendered":"https:\/\/www.mariannaapartman.hu\/?page_id=67"},"modified":"2024-06-02T18:45:15","modified_gmt":"2024-06-02T18:45:15","slug":"gartenhaus","status":"publish","type":"page","link":"https:\/\/www.mariannaapartman.hu\/de\/appartementhaus\/gartenhaus\/","title":{"rendered":"Gartenhaus"},"content":{"rendered":"<p><a href=\"https:\/\/www.mariannaapartman.hu\/files\/fahaz_01.jpg\" rel='gallery_post'><img loading=\"lazy\" decoding=\"async\" class=\"alignright wp-image-219\" src=\"https:\/\/www.mariannaapartman.hu\/files\/fahaz_01-300x186.jpg\" alt=\"\" width=\"217\" height=\"135\" srcset=\"https:\/\/www.mariannaapartman.hu\/files\/fahaz_01-300x186.jpg 300w, https:\/\/www.mariannaapartman.hu\/files\/fahaz_01-768x477.jpg 768w, https:\/\/www.mariannaapartman.hu\/files\/fahaz_01.jpg 886w\" sizes=\"auto, (max-width: 217px) 100vw, 217px\" \/><\/a>Das kleine Holzhaus (40 m<sup>2<\/sup>) befindet sich im Garten neben dem Hauptgeb\u00e4ude.<\/p>\n<p>Es gibt einen Aufenthaltsraum mit Kochecke (Doppel Kochplatte, kleine K\u00fchlschrank-47l, Kaffeemaschine,Mikro )Kabel-TV, Ausziehbett .<\/p>\n<p>Schlafnische mit franz\u00f6sischem Doppelbett.<\/p>\n<p>Badezimmer mit Dusche und WC.<\/p>\n<p>Eigene Terrasse.<\/p>\n<p>Ohne Heizung.<\/p>\n<div class=\"row gallery\">\n            <div class=\"col-md-6 col-lg-4\">\n                <div class=\"gallery-image-wrap\">\n                    <a data-gallery=\"gallery-1\" rel=\"gallery-1\" href=\"https:\/\/www.mariannaapartman.hu\/files\/fahaz_02.jpg\">\n                        <img decoding=\"async\" src=\"https:\/\/www.mariannaapartman.hu\/files\/fahaz_02-508x381.jpg\" alt=\"\" class=\"img-fluid\">\n                    <\/a>\n                <\/div>\n            <\/div>\n            <div class=\"col-md-6 col-lg-4\">\n                <div class=\"gallery-image-wrap\">\n                    <a data-gallery=\"gallery-1\" rel=\"gallery-1\" href=\"https:\/\/www.mariannaapartman.hu\/files\/IMG_7416.jpg\">\n                        <img decoding=\"async\" src=\"https:\/\/www.mariannaapartman.hu\/files\/IMG_7416-508x381.jpg\" alt=\"\" class=\"img-fluid\">\n                    <\/a>\n                <\/div>\n            <\/div>\n            <div class=\"col-md-6 col-lg-4\">\n                <div class=\"gallery-image-wrap\">\n                    <a data-gallery=\"gallery-1\" rel=\"gallery-1\" href=\"https:\/\/www.mariannaapartman.hu\/files\/IMG_7417.jpg\">\n                        <img decoding=\"async\" src=\"https:\/\/www.mariannaapartman.hu\/files\/IMG_7417-508x381.jpg\" alt=\"\" class=\"img-fluid\">\n                    <\/a>\n                <\/div>\n            <\/div><\/div>\n<p>Bei uns k\u00f6nnen Sie am Tag der Anreise zwischen 15-18 Uhr einchecken, am Tag der Abreise bis um 10 Uhr auschecken.<\/p>\n<p><strong>Wenn Ihnen unser Angebot zusagt, bitte f\u00fcllen Sie das Reservierungsformular aus. In kurzer Zeit erhalten Sie unsere Antwort.<\/strong><\/p>\n\n<div class=\"wpcf7 no-js\" id=\"wpcf7-f158-o1\" lang=\"hu-HU\" dir=\"ltr\" data-wpcf7-id=\"158\">\n<div class=\"screen-reader-response\"><p role=\"status\" aria-live=\"polite\" aria-atomic=\"true\"><\/p> <ul><\/ul><\/div>\n<form action=\"\/de\/wp-json\/wp\/v2\/pages\/67#wpcf7-f158-o1\" method=\"post\" class=\"wpcf7-form init\" aria-label=\"Kapcsolatfelv\u00e9teli \u0171rlap\" novalidate=\"novalidate\" data-status=\"init\">\n<fieldset class=\"hidden-fields-container\"><input type=\"hidden\" name=\"_wpcf7\" value=\"158\" \/><input type=\"hidden\" name=\"_wpcf7_version\" value=\"6.1.5\" \/><input type=\"hidden\" name=\"_wpcf7_locale\" value=\"hu_HU\" \/><input type=\"hidden\" name=\"_wpcf7_unit_tag\" value=\"wpcf7-f158-o1\" \/><input type=\"hidden\" name=\"_wpcf7_container_post\" value=\"0\" \/><input type=\"hidden\" name=\"_wpcf7_posted_data_hash\" value=\"\" \/>\n<\/fieldset>\n<h1>Anfrage\/<wbr>Buchung Informationen<\/h1>\n<p class=\"required\">Mit * markierte Felder sind Pflichtfelder, bitte unbedingt ausf\u00fcllen!<\/p>\n\n<div class=\"form-group\">\n    <label for=\"nev\">Name der Person*<\/label>\n    <div class=\"form-group nev\"><input class=\"wpcf7-form-control wpcf7-text wpcf7-validates-as-required form-control form-control\" name=\"nev\" type=\"text\" value=\"\" aria-invalid=\"false\" aria-required=\"true\" required><\/div>\n<\/div>\n<div class=\"form-group\">\n    <label for=\"cim\">Adresse<\/label>\n    <div class=\"form-group cim\"><input class=\"wpcf7-form-control wpcf7-text wpcf7-validates-as-required form-control form-control\" name=\"cim\" type=\"text\" value=\"\" aria-invalid=\"false\" aria-required=\"true\" required><\/div>\n<\/div>\n<div class=\"form-row\">\n    <div class=\"form-group col-md-6\">\n      <label for=\"email\"\">E-mail*<\/label>\n      <div class=\"form-group email\"><input class=\"wpcf7-form-control wpcf7-email wpcf7-validates-as-required wpcf7-text wpcf7-validates-as-email form-control form-control\" name=\"email\" type=\"email\" value=\"\" aria-invalid=\"false\" aria-required=\"true\" required><\/div>\n    <\/div>\n    <div class=\"form-group col-md-6\">\n      <label for=\"telefon\">Telefon-Nr.*<\/label>\n      <div class=\"form-group telefon\"><input class=\"wpcf7-form-control wpcf7-text wpcf7-validates-as-required form-control form-control\" name=\"telefon\" type=\"text\" value=\"\" aria-invalid=\"false\" aria-required=\"true\" required><\/div>\n    <\/div>\n<\/div>\n<div class=\"form-row\">\n    <div class=\"form-group col-md-6\">\n      <label for=\"datumtol\">Datum Ankunft*<\/label>\n      <div class=\"form-group datumtol\"><input class=\"wpcf7-form-control wpcf7-date wpcf7-validates-as-required wpcf7-validates-as-date form-control form-control\" name=\"datumtol\" type=\"date\" value=\"\" min=\"2026-04-17\" max=\"\" step=\"\" aria-invalid=\"false\" aria-required=\"true\" required><\/div>\n    <\/div>\n    <div class=\"form-group col-md-6\">\n      <label for=\"datumig\"\">Datum Abfahrt*<\/label>\n      <div class=\"form-group datumig\"><input class=\"wpcf7-form-control wpcf7-date wpcf7-validates-as-required wpcf7-validates-as-date form-control form-control\" name=\"datumig\" type=\"date\" value=\"\" min=\"2026-04-17\" max=\"\" step=\"\" aria-invalid=\"false\" aria-required=\"true\" required><\/div>\n    <\/div>\n<\/div>\n<div class=\"form-row\">\n    <div class=\"form-group col-md-4\">\n      <label for=\"datumtol\">davon Erwachsene*<\/label>\n      <div class=\"form-group felnottek\"><select class=\"wpcf7-form-control wpcf7-select wpcf7-validates-as-required form-control form-control\" name=\"felnottek\" aria-invalid=\"false\" aria-required=\"true\" required><option value=\"\" selected>---<\/option><option value=\"1\">1<\/option><option value=\"2\">2<\/option><option value=\"3\">3<\/option><option value=\"4\">4<\/option><option value=\"5\">5<\/option><option value=\"6\">6<\/option><\/select><\/div>\n    <\/div>\n    <div class=\"form-group col-md-4\">\n      <label for=\"datumig\"\">Kinder (3-12 Jahre)<\/label>\n<div class=\"form-group gyermek1\"><select class=\"wpcf7-form-control wpcf7-select form-control form-control\" name=\"gyermek1\" aria-invalid=\"false\"><option value=\"0\">0<\/option><option value=\"1\">1<\/option><option value=\"2\">2<\/option><option value=\"3\">3<\/option><option value=\"4\">4<\/option><option value=\"5\">5<\/option><\/select><\/div>\n    <\/div>\n    <div class=\"form-group col-md-4\">\n      <label for=\"datumig\"\">Kinder (0-3 Jahre)<\/label>\n      <div class=\"form-group gyermek2\"><select class=\"wpcf7-form-control wpcf7-select form-control form-control\" name=\"gyermek2\" aria-invalid=\"false\"><option value=\"0\">0<\/option><option value=\"1\">1<\/option><option value=\"2\">2<\/option><option value=\"3\">3<\/option><option value=\"4\">4<\/option><option value=\"5\">5<\/option><\/select><\/div>\n    <\/div>\n<\/div>\n<div class=\"form-group\">\n    <label for=\"apartman\">Ausgew\u00e4hlte Unterkunft*<\/label>\n    <div class=\"form-group apartman\"><select class=\"wpcf7-form-control wpcf7-select form-control\" name=\"apartman\" aria-invalid=\"false\"><option value=\"\" selected>---<\/option><option value=\"Studios\">Studios<\/option><option value=\"Apartment 5\">Apartment 5<\/option><option value=\"Apartment 6\">Apartment 6<\/option><option value=\"Gartenhaus\">Gartenhaus<\/option><\/select><\/div>\n<\/div>\n<div class=\"form-group\">\n    <label for=\"megjegyezes\">Bemerkungen<\/label>\n    <div class=\"form-group megjegyzes\"><textarea class=\"wpcf7-form-control wpcf7-textarea form-control form-control\" name=\"megjegyzes\" rows=\"4\" aria-invalid=\"false\"><\/textarea><\/div>\n<\/div>\n\n<div class=\"form-group\">\n\t[recaptcha]\n<\/div>\n<div class=\"form-group row\">\n\t<div class=\"col-sm-offset-2 col-10\">\n\t\t<div class=\"form-group wpcf7-form-control wpcf7-acceptance acceptance-279\"><div class=\"checkbox wpcf7-form-control wpcf7-acceptance acceptance-279\"><label ><input name=\"acceptance-279\" type=\"checkbox\" value=\"1\" aria-invalid=\"false\">&nbsp;&nbsp;Ich bin mit der Verarbeitung meiner Daten einverstanden<\/label><\/div><\/div>\n\t<\/div>\n<\/div>\n<div class=\"form-group row\">\n\t<div class=\"col-sm-offset-2 col-md-1 col-auto\">\n\t\t<div class=\"form-group\"><div><div class=\"cf7-cf-turnstile\" style=\"margin-top: 0px; margin-bottom: -15px;\"> <div id=\"cf-turnstile-cf7-780542107\" class=\"cf-turnstile\" data-sitekey=\"0x4AAAAAAA7pGSWgz6UBO84Q\" data-theme=\"light\" data-language=\"auto\" data-size=\"normal\" data-retry=\"auto\" data-retry-interval=\"1000\" data-refresh-expired=\"auto\" data-action=\"contact-form-7\" data-appearance=\"always\"><\/div> <script>document.addEventListener(\"DOMContentLoaded\", function() { setTimeout(function(){ var e=document.getElementById(\"cf-turnstile-cf7-780542107\"); e&&!e.innerHTML.trim()&&(turnstile.remove(\"#cf-turnstile-cf7-780542107\"), turnstile.render(\"#cf-turnstile-cf7-780542107\", {sitekey:\"0x4AAAAAAA7pGSWgz6UBO84Q\"})); }, 100); });<\/script> <br class=\"cf-turnstile-br cf-turnstile-br-cf7-780542107\"> <style>#cf-turnstile-cf7-780542107 { margin-left: -15px; }<\/style> <script>document.addEventListener(\"DOMContentLoaded\",function(){document.querySelectorAll('.wpcf7-form').forEach(function(e){e.addEventListener('submit',function(){if(document.getElementById('cf-turnstile-cf7-780542107')){setTimeout(function(){turnstile.reset('#cf-turnstile-cf7-780542107');},1000)}})})});<\/script> <\/div><br\/><input class=\"wpcf7-form-control wpcf7-submit btn btn-primary\" type=\"submit\" value=\"Versenden\"><\/div><\/div>\n\t<\/div>\n<\/div><div class=\"wpcf7-response-output alert alert-warning\"><\/div>\n<\/form>\n<\/div>\n\n","protected":false},"excerpt":{"rendered":"<p>Das kleine Holzhaus (40 m2) befindet sich im Garten neben dem Hauptgeb\u00e4ude. Es gibt einen Aufenthaltsraum mit Kochecke (Doppel Kochplatte, kleine K\u00fchlschrank-47l, Kaffeemaschine,Mikro )Kabel-TV, Ausziehbett . Schlafnische mit franz\u00f6sischem Doppelbett. Badezimmer mit Dusche und WC. Eigene Terrasse. Ohne Heizung. Bei uns k\u00f6nnen Sie am Tag der Anreise zwischen 15-18 Uhr einchecken, am Tag der Abreise [&hellip;]<\/p>\n","protected":false},"author":1,"featured_media":0,"parent":55,"menu_order":0,"comment_status":"closed","ping_status":"closed","template":"","meta":{"footnotes":""},"class_list":["post-67","page","type-page","status-publish","hentry"],"yoast_head":"<!-- This site is optimized with the Yoast SEO plugin v27.1.1 - https:\/\/yoast.com\/product\/yoast-seo-wordpress\/ -->\n<title>Appartementhaus Marianna \u00bb Unterkunft im Zentrum von Zalakaros \u00bb Gartenhaus<\/title>\n<meta name=\"description\" content=\"Im Zentrum von Zalakaros und rund 200 Meter vom Heilbad des Ortes entfernt findet man unser Appartementhaus. Die Einrichtung und Ausstattung der R\u00e4umlichkeiten entspricht den Bed\u00fcrfnissen von Alt und Jung.\" \/>\n<meta name=\"robots\" content=\"index, follow, max-snippet:-1, max-image-preview:large, max-video-preview:-1\" \/>\n<link rel=\"canonical\" href=\"https:\/\/www.mariannaapartman.hu\/de\/appartementhaus\/gartenhaus\/\" \/>\n<meta property=\"og:locale\" content=\"de_DE\" \/>\n<meta property=\"og:type\" content=\"article\" \/>\n<meta property=\"og:title\" content=\"Appartementhaus Marianna \u00bb Unterkunft im Zentrum von Zalakaros \u00bb Gartenhaus\" \/>\n<meta property=\"og:description\" content=\"Im Zentrum von Zalakaros und rund 200 Meter vom Heilbad des Ortes entfernt findet man unser Appartementhaus. Die Einrichtung und Ausstattung der R\u00e4umlichkeiten entspricht den Bed\u00fcrfnissen von Alt und Jung.\" \/>\n<meta property=\"og:url\" content=\"https:\/\/www.mariannaapartman.hu\/de\/appartementhaus\/gartenhaus\/\" \/>\n<meta property=\"og:site_name\" content=\"Marianna Apartmanh\u00e1z Zalakaros \u00bb Dr. Muczer Marianna fog\u00e1szati mag\u00e1npraxis\" \/>\n<meta property=\"article:modified_time\" content=\"2024-06-02T18:45:15+00:00\" \/>\n<meta property=\"og:image\" content=\"https:\/\/www.mariannaapartman.hu\/files\/fahaz_02-508x381.jpg\" \/>\n<meta name=\"twitter:card\" content=\"summary_large_image\" \/>\n<meta name=\"twitter:label1\" content=\"Gesch\u00e4tzte Lesezeit\" \/>\n\t<meta name=\"twitter:data1\" content=\"1\u00a0Minute\" \/>\n<script type=\"application\/ld+json\" class=\"yoast-schema-graph\">{\"@context\":\"https:\/\/schema.org\",\"@graph\":[{\"@type\":\"WebPage\",\"@id\":\"https:\/\/www.mariannaapartman.hu\/de\/appartementhaus\/gartenhaus\/\",\"url\":\"https:\/\/www.mariannaapartman.hu\/de\/appartementhaus\/gartenhaus\/\",\"name\":\"Appartementhaus Marianna \u00bb Unterkunft im Zentrum von Zalakaros \u00bb Gartenhaus\",\"isPartOf\":{\"@id\":\"https:\/\/www.mariannaapartman.hu\/#website\"},\"primaryImageOfPage\":{\"@id\":\"https:\/\/www.mariannaapartman.hu\/de\/appartementhaus\/gartenhaus\/#primaryimage\"},\"image\":{\"@id\":\"https:\/\/www.mariannaapartman.hu\/de\/appartementhaus\/gartenhaus\/#primaryimage\"},\"thumbnailUrl\":\"https:\/\/www.mariannaapartman.hu\/files\/fahaz_01-300x186.jpg\",\"datePublished\":\"2018-04-25T13:25:41+00:00\",\"dateModified\":\"2024-06-02T18:45:15+00:00\",\"description\":\"Im Zentrum von Zalakaros und rund 200 Meter vom Heilbad des Ortes entfernt findet man unser Appartementhaus. Die Einrichtung und Ausstattung der R\u00e4umlichkeiten entspricht den Bed\u00fcrfnissen von Alt und Jung.\",\"breadcrumb\":{\"@id\":\"https:\/\/www.mariannaapartman.hu\/de\/appartementhaus\/gartenhaus\/#breadcrumb\"},\"inLanguage\":\"de\",\"potentialAction\":[{\"@type\":\"ReadAction\",\"target\":[\"https:\/\/www.mariannaapartman.hu\/de\/appartementhaus\/gartenhaus\/\"]}]},{\"@type\":\"ImageObject\",\"inLanguage\":\"de\",\"@id\":\"https:\/\/www.mariannaapartman.hu\/de\/appartementhaus\/gartenhaus\/#primaryimage\",\"url\":\"https:\/\/www.mariannaapartman.hu\/files\/fahaz_01-300x186.jpg\",\"contentUrl\":\"https:\/\/www.mariannaapartman.hu\/files\/fahaz_01-300x186.jpg\"},{\"@type\":\"BreadcrumbList\",\"@id\":\"https:\/\/www.mariannaapartman.hu\/de\/appartementhaus\/gartenhaus\/#breadcrumb\",\"itemListElement\":[{\"@type\":\"ListItem\",\"position\":1,\"name\":\"Home\",\"item\":\"https:\/\/www.mariannaapartman.hu\/\"},{\"@type\":\"ListItem\",\"position\":2,\"name\":\"Appartementhaus\",\"item\":\"https:\/\/www.mariannaapartman.hu\/de\/appartementhaus\/\"},{\"@type\":\"ListItem\",\"position\":3,\"name\":\"Gartenhaus\"}]},{\"@type\":\"WebSite\",\"@id\":\"https:\/\/www.mariannaapartman.hu\/#website\",\"url\":\"https:\/\/www.mariannaapartman.hu\/\",\"name\":\"Marianna Apartmanh\u00e1z Zalakaros \u00bb Dr. Muczer Marianna fog\u00e1szati mag\u00e1npraxis\",\"description\":\"\",\"potentialAction\":[{\"@type\":\"SearchAction\",\"target\":{\"@type\":\"EntryPoint\",\"urlTemplate\":\"https:\/\/www.mariannaapartman.hu\/?s={search_term_string}\"},\"query-input\":{\"@type\":\"PropertyValueSpecification\",\"valueRequired\":true,\"valueName\":\"search_term_string\"}}],\"inLanguage\":\"de\"}]}<\/script>\n<!-- \/ Yoast SEO plugin. -->","yoast_head_json":{"title":"Appartementhaus Marianna \u00bb Unterkunft im Zentrum von Zalakaros \u00bb Gartenhaus","description":"Im Zentrum von Zalakaros und rund 200 Meter vom Heilbad des Ortes entfernt findet man unser Appartementhaus. Die Einrichtung und Ausstattung der R\u00e4umlichkeiten entspricht den Bed\u00fcrfnissen von Alt und Jung.","robots":{"index":"index","follow":"follow","max-snippet":"max-snippet:-1","max-image-preview":"max-image-preview:large","max-video-preview":"max-video-preview:-1"},"canonical":"https:\/\/www.mariannaapartman.hu\/de\/appartementhaus\/gartenhaus\/","og_locale":"de_DE","og_type":"article","og_title":"Appartementhaus Marianna \u00bb Unterkunft im Zentrum von Zalakaros \u00bb Gartenhaus","og_description":"Im Zentrum von Zalakaros und rund 200 Meter vom Heilbad des Ortes entfernt findet man unser Appartementhaus. Die Einrichtung und Ausstattung der R\u00e4umlichkeiten entspricht den Bed\u00fcrfnissen von Alt und Jung.","og_url":"https:\/\/www.mariannaapartman.hu\/de\/appartementhaus\/gartenhaus\/","og_site_name":"Marianna Apartmanh\u00e1z Zalakaros \u00bb Dr. Muczer Marianna fog\u00e1szati mag\u00e1npraxis","article_modified_time":"2024-06-02T18:45:15+00:00","og_image":[{"url":"https:\/\/www.mariannaapartman.hu\/files\/fahaz_02-508x381.jpg","type":"","width":"","height":""}],"twitter_card":"summary_large_image","twitter_misc":{"Gesch\u00e4tzte Lesezeit":"1\u00a0Minute"},"schema":{"@context":"https:\/\/schema.org","@graph":[{"@type":"WebPage","@id":"https:\/\/www.mariannaapartman.hu\/de\/appartementhaus\/gartenhaus\/","url":"https:\/\/www.mariannaapartman.hu\/de\/appartementhaus\/gartenhaus\/","name":"Appartementhaus Marianna \u00bb Unterkunft im Zentrum von Zalakaros \u00bb Gartenhaus","isPartOf":{"@id":"https:\/\/www.mariannaapartman.hu\/#website"},"primaryImageOfPage":{"@id":"https:\/\/www.mariannaapartman.hu\/de\/appartementhaus\/gartenhaus\/#primaryimage"},"image":{"@id":"https:\/\/www.mariannaapartman.hu\/de\/appartementhaus\/gartenhaus\/#primaryimage"},"thumbnailUrl":"https:\/\/www.mariannaapartman.hu\/files\/fahaz_01-300x186.jpg","datePublished":"2018-04-25T13:25:41+00:00","dateModified":"2024-06-02T18:45:15+00:00","description":"Im Zentrum von Zalakaros und rund 200 Meter vom Heilbad des Ortes entfernt findet man unser Appartementhaus. Die Einrichtung und Ausstattung der R\u00e4umlichkeiten entspricht den Bed\u00fcrfnissen von Alt und Jung.","breadcrumb":{"@id":"https:\/\/www.mariannaapartman.hu\/de\/appartementhaus\/gartenhaus\/#breadcrumb"},"inLanguage":"de","potentialAction":[{"@type":"ReadAction","target":["https:\/\/www.mariannaapartman.hu\/de\/appartementhaus\/gartenhaus\/"]}]},{"@type":"ImageObject","inLanguage":"de","@id":"https:\/\/www.mariannaapartman.hu\/de\/appartementhaus\/gartenhaus\/#primaryimage","url":"https:\/\/www.mariannaapartman.hu\/files\/fahaz_01-300x186.jpg","contentUrl":"https:\/\/www.mariannaapartman.hu\/files\/fahaz_01-300x186.jpg"},{"@type":"BreadcrumbList","@id":"https:\/\/www.mariannaapartman.hu\/de\/appartementhaus\/gartenhaus\/#breadcrumb","itemListElement":[{"@type":"ListItem","position":1,"name":"Home","item":"https:\/\/www.mariannaapartman.hu\/"},{"@type":"ListItem","position":2,"name":"Appartementhaus","item":"https:\/\/www.mariannaapartman.hu\/de\/appartementhaus\/"},{"@type":"ListItem","position":3,"name":"Gartenhaus"}]},{"@type":"WebSite","@id":"https:\/\/www.mariannaapartman.hu\/#website","url":"https:\/\/www.mariannaapartman.hu\/","name":"Marianna Apartmanh\u00e1z Zalakaros \u00bb Dr. Muczer Marianna fog\u00e1szati mag\u00e1npraxis","description":"","potentialAction":[{"@type":"SearchAction","target":{"@type":"EntryPoint","urlTemplate":"https:\/\/www.mariannaapartman.hu\/?s={search_term_string}"},"query-input":{"@type":"PropertyValueSpecification","valueRequired":true,"valueName":"search_term_string"}}],"inLanguage":"de"}]}},"_links":{"self":[{"href":"https:\/\/www.mariannaapartman.hu\/de\/wp-json\/wp\/v2\/pages\/67","targetHints":{"allow":["GET"]}}],"collection":[{"href":"https:\/\/www.mariannaapartman.hu\/de\/wp-json\/wp\/v2\/pages"}],"about":[{"href":"https:\/\/www.mariannaapartman.hu\/de\/wp-json\/wp\/v2\/types\/page"}],"author":[{"embeddable":true,"href":"https:\/\/www.mariannaapartman.hu\/de\/wp-json\/wp\/v2\/users\/1"}],"replies":[{"embeddable":true,"href":"https:\/\/www.mariannaapartman.hu\/de\/wp-json\/wp\/v2\/comments?post=67"}],"version-history":[{"count":0,"href":"https:\/\/www.mariannaapartman.hu\/de\/wp-json\/wp\/v2\/pages\/67\/revisions"}],"up":[{"embeddable":true,"href":"https:\/\/www.mariannaapartman.hu\/de\/wp-json\/wp\/v2\/pages\/55"}],"wp:attachment":[{"href":"https:\/\/www.mariannaapartman.hu\/de\/wp-json\/wp\/v2\/media?parent=67"}],"curies":[{"name":"wp","href":"https:\/\/api.w.org\/{rel}","templated":true}]}}