{"id":69,"date":"2018-04-25T13:26:34","date_gmt":"2018-04-25T13:26:34","guid":{"rendered":"https:\/\/www.mariannaapartman.hu\/?page_id=69"},"modified":"2024-01-25T12:00:42","modified_gmt":"2024-01-25T12:00:42","slug":"hausordnung-appartementhaus","status":"publish","type":"page","link":"https:\/\/www.mariannaapartman.hu\/de\/appartementhaus\/hausordnung-appartementhaus\/","title":{"rendered":"Hausordnung appartementhaus"},"content":{"rendered":"<ol>\n<li>Bei der Ankunft ins Appartment ist der Gast verpflichtet die pers\u00f6nliche Dokumente\/Reisepass, Personalausweis etc\/dem Eigent\u00fcmer des Apartments auszuh\u00e4ndigen um die pers\u00f6nliche Daten ins G\u00e4stebuch eintragen zu k\u00f6nnen, weiterhin muss die Fremdenverkehrssteuer (\u00fcber 18 Jahr) und die Restsumme der Buchung ausgezahlt werden.<\/li>\n<li>Bei der Ankunft muss eine Kaution in der H\u00f6he von 50\u20ac bezahlt werden,welche f\u00fcr ev. verursachte Sch\u00e4den, die an M\u0151bilar oder an der Einrichtung verursacht worden, ben\u00f6tigt wird. Wenn der Zustand des Apartments der gleiche ist wie bei der Ankunft, wird die Inbegriffen das Abwaschen, Abfall Herausbringen, M\u00f6belst\u00fccke, K\u00fcchengeschirr zur\u00fcckordnen Kaution voll zur\u00fcckgezahlt.<\/li>\n<li>Einchecken ins Ferienhaus am Anreisetag zwischen 15.00 und 18.00 Uhr Auschecken am Abreisetag zwischen 8.00 und 10.00 Uhr. Fr\u00fchere Anreise oder sp\u00e4tere Abreise ist m\u00f6glich, gegen Aufpreis, muss aber abgesprochen werden.<\/li>\n<li>Bei der Ankunft werden den G\u00e4sten Eingang- Gartent\u00fcr-u.Safeschl\u00fcssel ausgeh\u00e4ndigt. Wenn einer der Schl\u00fcssel verloren geht,ist der Gast verpflichtet dieses sofort zu melden,und die Kosten des Aufwandes dem Vermieter zu bezahlen<\/li>\n<li>Die Unterkunft k\u00f6nnen so viele Personen benutzen, wieviel bei der Reservierung angegeben worden sind. Im Falle einer Mehrbelegung wird Aufpreis berechnet.<\/li>\n<li>Im Apartment ist Rauchverbot. Es kann geraucht werden, draussen auf der Terrasse.<\/li>\n<li>Die Klimaanlage kann benutzt werden f\u00fcr extra Preis (Die Fenster m\u00fcssen zu sein, bei Verlassen der Unterkunft muss die Anlage aus sein).<\/li>\n<li>Kleintiere k\u00f6nnen mitgebracht werden f\u00fcr extra Preis, aber muss vorher abgesprochen werden.<\/li>\n<li>Die Nachtruhezeit ist zwischen 22.00 und 8.00 Uhr.Bitte nehmen Sie R\u00fccksicht auf die andere G\u00e4ste und schalten Sie die Klimaanlage aus, seien Sie leise, damit die in der Parterre Schlafende nicht gest\u00f6rt werden, bei den offenen Fenster.<\/li>\n<li>Die Benutzung von mitgebrachten Grossleistungselektroger\u00e4ten ist untersagt.<\/li>\n<li>Personen, die nicht im Appartment angemeldet sind,d\u00fcrfen die Unterkunft nicht betreten.<\/li>\n<li>WIFI Empfang ist am besten beim Router, ansonsten ist vom Dienstleister abh\u00e4ngig.<\/li>\n<li>Im Preis ist inbegriffen die Benutzung o. Gebrauch von Wasser, Elektroenergie, Heizung Parken, Endreinigung, Bettw\u00e4sche, Handt\u00fccher K\u00fcchent\u00fccher. Letztere werden w\u00f6chentlich kostenlos gewechselt.<\/li>\n<li>Im Appartementhaus ist keine Reception. Wir empfehlen Ihnen also Ihre Meinung \u00fcber die Qualit\u00e4t der Unterkunft, oder andere Probleme uns schon bei der Anreise mitzuteilen. Wenn Sie ein Problem haben, rufen Sie bitte die Assistentin an (+36 30 552 1390).<\/li>\n<\/ol>\n<p style=\"margin: 60px 0; text-align: center;\">Wir w\u00fcnschen Ihnen einen sch\u00f6nen Aufenthalt:<\/p>\n<table width=\"100%\">\n<tbody>\n<tr>\n<td width=\"50%\" style=\"text-align: center;\">Dr. Muczer Marianna<\/td>\n<td width=\"50%\" style=\"text-align: center;\">Nagy Be\u00e1ta<\/td>\n<\/tr>\n<tr>\n<td style=\"text-align: center;\">Inhaber<\/td>\n<td style=\"text-align: center;\">Assistentin<\/td>\n<\/tr>\n<\/tbody>\n<\/table>\n<p>&nbsp;<\/p>\n","protected":false},"excerpt":{"rendered":"<p>Bei der Ankunft ins Appartment ist der Gast verpflichtet die pers\u00f6nliche Dokumente\/Reisepass, Personalausweis etc\/dem Eigent\u00fcmer des Apartments auszuh\u00e4ndigen um die pers\u00f6nliche Daten ins G\u00e4stebuch eintragen zu k\u00f6nnen, weiterhin muss die Fremdenverkehrssteuer (\u00fcber 18 Jahr) und die Restsumme der Buchung ausgezahlt werden. Bei der Ankunft muss eine Kaution in der H\u00f6he von 50\u20ac bezahlt werden,welche f\u00fcr [&hellip;]<\/p>\n","protected":false},"author":1,"featured_media":0,"parent":55,"menu_order":0,"comment_status":"closed","ping_status":"closed","template":"","meta":{"footnotes":""},"class_list":["post-69","page","type-page","status-publish","hentry"],"yoast_head":"<!-- This site is optimized with the Yoast SEO plugin v27.1.1 - https:\/\/yoast.com\/product\/yoast-seo-wordpress\/ -->\n<title>Appartementhaus Marianna \u00bb Unterkunft im Zentrum von Zalakaros \u00bb Hausordnung appartementhaus<\/title>\n<meta name=\"description\" content=\"Im Zentrum von Zalakaros und rund 200 Meter vom Heilbad des Ortes entfernt findet man unser Appartementhaus. Die Einrichtung und Ausstattung der R\u00e4umlichkeiten entspricht den Bed\u00fcrfnissen von Alt und Jung.\" \/>\n<meta name=\"robots\" content=\"index, follow, max-snippet:-1, max-image-preview:large, max-video-preview:-1\" \/>\n<link rel=\"canonical\" href=\"https:\/\/www.mariannaapartman.hu\/de\/appartementhaus\/hausordnung-appartementhaus\/\" \/>\n<meta property=\"og:locale\" content=\"de_DE\" \/>\n<meta property=\"og:type\" content=\"article\" \/>\n<meta property=\"og:title\" content=\"Appartementhaus Marianna \u00bb Unterkunft im Zentrum von Zalakaros \u00bb Hausordnung appartementhaus\" \/>\n<meta property=\"og:description\" content=\"Im Zentrum von Zalakaros und rund 200 Meter vom Heilbad des Ortes entfernt findet man unser Appartementhaus. Die Einrichtung und Ausstattung der R\u00e4umlichkeiten entspricht den Bed\u00fcrfnissen von Alt und Jung.\" \/>\n<meta property=\"og:url\" content=\"https:\/\/www.mariannaapartman.hu\/de\/appartementhaus\/hausordnung-appartementhaus\/\" \/>\n<meta property=\"og:site_name\" content=\"Marianna Apartmanh\u00e1z Zalakaros \u00bb Dr. Muczer Marianna fog\u00e1szati mag\u00e1npraxis\" \/>\n<meta property=\"article:modified_time\" content=\"2024-01-25T12:00:42+00:00\" \/>\n<meta name=\"twitter:card\" content=\"summary_large_image\" \/>\n<meta name=\"twitter:label1\" content=\"Gesch\u00e4tzte Lesezeit\" \/>\n\t<meta name=\"twitter:data1\" content=\"2\u00a0Minuten\" \/>\n<script type=\"application\/ld+json\" class=\"yoast-schema-graph\">{\"@context\":\"https:\/\/schema.org\",\"@graph\":[{\"@type\":\"WebPage\",\"@id\":\"https:\/\/www.mariannaapartman.hu\/de\/appartementhaus\/hausordnung-appartementhaus\/\",\"url\":\"https:\/\/www.mariannaapartman.hu\/de\/appartementhaus\/hausordnung-appartementhaus\/\",\"name\":\"Appartementhaus Marianna \u00bb Unterkunft im Zentrum von Zalakaros \u00bb Hausordnung appartementhaus\",\"isPartOf\":{\"@id\":\"https:\/\/www.mariannaapartman.hu\/#website\"},\"datePublished\":\"2018-04-25T13:26:34+00:00\",\"dateModified\":\"2024-01-25T12:00:42+00:00\",\"description\":\"Im Zentrum von Zalakaros und rund 200 Meter vom Heilbad des Ortes entfernt findet man unser Appartementhaus. Die Einrichtung und Ausstattung der R\u00e4umlichkeiten entspricht den Bed\u00fcrfnissen von Alt und Jung.\",\"breadcrumb\":{\"@id\":\"https:\/\/www.mariannaapartman.hu\/de\/appartementhaus\/hausordnung-appartementhaus\/#breadcrumb\"},\"inLanguage\":\"de\",\"potentialAction\":[{\"@type\":\"ReadAction\",\"target\":[\"https:\/\/www.mariannaapartman.hu\/de\/appartementhaus\/hausordnung-appartementhaus\/\"]}]},{\"@type\":\"BreadcrumbList\",\"@id\":\"https:\/\/www.mariannaapartman.hu\/de\/appartementhaus\/hausordnung-appartementhaus\/#breadcrumb\",\"itemListElement\":[{\"@type\":\"ListItem\",\"position\":1,\"name\":\"Home\",\"item\":\"https:\/\/www.mariannaapartman.hu\/\"},{\"@type\":\"ListItem\",\"position\":2,\"name\":\"Appartementhaus\",\"item\":\"https:\/\/www.mariannaapartman.hu\/de\/appartementhaus\/\"},{\"@type\":\"ListItem\",\"position\":3,\"name\":\"Hausordnung appartementhaus\"}]},{\"@type\":\"WebSite\",\"@id\":\"https:\/\/www.mariannaapartman.hu\/#website\",\"url\":\"https:\/\/www.mariannaapartman.hu\/\",\"name\":\"Marianna Apartmanh\u00e1z Zalakaros \u00bb Dr. Muczer Marianna fog\u00e1szati mag\u00e1npraxis\",\"description\":\"\",\"potentialAction\":[{\"@type\":\"SearchAction\",\"target\":{\"@type\":\"EntryPoint\",\"urlTemplate\":\"https:\/\/www.mariannaapartman.hu\/?s={search_term_string}\"},\"query-input\":{\"@type\":\"PropertyValueSpecification\",\"valueRequired\":true,\"valueName\":\"search_term_string\"}}],\"inLanguage\":\"de\"}]}<\/script>\n<!-- \/ Yoast SEO plugin. -->","yoast_head_json":{"title":"Appartementhaus Marianna \u00bb Unterkunft im Zentrum von Zalakaros \u00bb Hausordnung appartementhaus","description":"Im Zentrum von Zalakaros und rund 200 Meter vom Heilbad des Ortes entfernt findet man unser Appartementhaus. Die Einrichtung und Ausstattung der R\u00e4umlichkeiten entspricht den Bed\u00fcrfnissen von Alt und Jung.","robots":{"index":"index","follow":"follow","max-snippet":"max-snippet:-1","max-image-preview":"max-image-preview:large","max-video-preview":"max-video-preview:-1"},"canonical":"https:\/\/www.mariannaapartman.hu\/de\/appartementhaus\/hausordnung-appartementhaus\/","og_locale":"de_DE","og_type":"article","og_title":"Appartementhaus Marianna \u00bb Unterkunft im Zentrum von Zalakaros \u00bb Hausordnung appartementhaus","og_description":"Im Zentrum von Zalakaros und rund 200 Meter vom Heilbad des Ortes entfernt findet man unser Appartementhaus. Die Einrichtung und Ausstattung der R\u00e4umlichkeiten entspricht den Bed\u00fcrfnissen von Alt und Jung.","og_url":"https:\/\/www.mariannaapartman.hu\/de\/appartementhaus\/hausordnung-appartementhaus\/","og_site_name":"Marianna Apartmanh\u00e1z Zalakaros \u00bb Dr. Muczer Marianna fog\u00e1szati mag\u00e1npraxis","article_modified_time":"2024-01-25T12:00:42+00:00","twitter_card":"summary_large_image","twitter_misc":{"Gesch\u00e4tzte Lesezeit":"2\u00a0Minuten"},"schema":{"@context":"https:\/\/schema.org","@graph":[{"@type":"WebPage","@id":"https:\/\/www.mariannaapartman.hu\/de\/appartementhaus\/hausordnung-appartementhaus\/","url":"https:\/\/www.mariannaapartman.hu\/de\/appartementhaus\/hausordnung-appartementhaus\/","name":"Appartementhaus Marianna \u00bb Unterkunft im Zentrum von Zalakaros \u00bb Hausordnung appartementhaus","isPartOf":{"@id":"https:\/\/www.mariannaapartman.hu\/#website"},"datePublished":"2018-04-25T13:26:34+00:00","dateModified":"2024-01-25T12:00:42+00:00","description":"Im Zentrum von Zalakaros und rund 200 Meter vom Heilbad des Ortes entfernt findet man unser Appartementhaus. Die Einrichtung und Ausstattung der R\u00e4umlichkeiten entspricht den Bed\u00fcrfnissen von Alt und Jung.","breadcrumb":{"@id":"https:\/\/www.mariannaapartman.hu\/de\/appartementhaus\/hausordnung-appartementhaus\/#breadcrumb"},"inLanguage":"de","potentialAction":[{"@type":"ReadAction","target":["https:\/\/www.mariannaapartman.hu\/de\/appartementhaus\/hausordnung-appartementhaus\/"]}]},{"@type":"BreadcrumbList","@id":"https:\/\/www.mariannaapartman.hu\/de\/appartementhaus\/hausordnung-appartementhaus\/#breadcrumb","itemListElement":[{"@type":"ListItem","position":1,"name":"Home","item":"https:\/\/www.mariannaapartman.hu\/"},{"@type":"ListItem","position":2,"name":"Appartementhaus","item":"https:\/\/www.mariannaapartman.hu\/de\/appartementhaus\/"},{"@type":"ListItem","position":3,"name":"Hausordnung appartementhaus"}]},{"@type":"WebSite","@id":"https:\/\/www.mariannaapartman.hu\/#website","url":"https:\/\/www.mariannaapartman.hu\/","name":"Marianna Apartmanh\u00e1z Zalakaros \u00bb Dr. Muczer Marianna fog\u00e1szati mag\u00e1npraxis","description":"","potentialAction":[{"@type":"SearchAction","target":{"@type":"EntryPoint","urlTemplate":"https:\/\/www.mariannaapartman.hu\/?s={search_term_string}"},"query-input":{"@type":"PropertyValueSpecification","valueRequired":true,"valueName":"search_term_string"}}],"inLanguage":"de"}]}},"_links":{"self":[{"href":"https:\/\/www.mariannaapartman.hu\/de\/wp-json\/wp\/v2\/pages\/69","targetHints":{"allow":["GET"]}}],"collection":[{"href":"https:\/\/www.mariannaapartman.hu\/de\/wp-json\/wp\/v2\/pages"}],"about":[{"href":"https:\/\/www.mariannaapartman.hu\/de\/wp-json\/wp\/v2\/types\/page"}],"author":[{"embeddable":true,"href":"https:\/\/www.mariannaapartman.hu\/de\/wp-json\/wp\/v2\/users\/1"}],"replies":[{"embeddable":true,"href":"https:\/\/www.mariannaapartman.hu\/de\/wp-json\/wp\/v2\/comments?post=69"}],"version-history":[{"count":0,"href":"https:\/\/www.mariannaapartman.hu\/de\/wp-json\/wp\/v2\/pages\/69\/revisions"}],"up":[{"embeddable":true,"href":"https:\/\/www.mariannaapartman.hu\/de\/wp-json\/wp\/v2\/pages\/55"}],"wp:attachment":[{"href":"https:\/\/www.mariannaapartman.hu\/de\/wp-json\/wp\/v2\/media?parent=69"}],"curies":[{"name":"wp","href":"https:\/\/api.w.org\/{rel}","templated":true}]}}