{"id":71,"date":"2018-04-25T13:29:53","date_gmt":"2018-04-25T13:29:53","guid":{"rendered":"https:\/\/www.mariannaapartman.hu\/?page_id=71"},"modified":"2020-05-28T13:59:44","modified_gmt":"2020-05-28T13:59:44","slug":"zahnarztpraxis","status":"publish","type":"page","link":"https:\/\/www.mariannaapartman.hu\/de\/zahnarztpraxis\/","title":{"rendered":"Zahnarztpraxis"},"content":{"rendered":"<p>In den Zahnarztpraxen in <a href=\"https:\/\/www.mariannaapartman.hu\/de\/kontakt\/\">Zalakaros und Nagykanizsa<\/a> f\u00fchlen Sie sich sicher wohl. Das kommt davon, dass bei der Einrichtung der Ordinationen viel Wert darauf gelegt wurde, dass eine freundliche, nette Atmosph\u00e4re entsteht, dass moderne Ger\u00e4te und niveauvolles Mobiliar ausgew\u00e4hlt wurden- und nicht zuletzt auch f\u00fcr exakte, pr\u00e4zise Leistung vern\u00fcnftige g\u00fcnstige Preise verlangt werden. Wenn Ihre Zahnbehandlung l\u00e4nger andauert, k\u00f6nnen Sie gern unser <a href=\"https:\/\/www.mariannaapartman.hu\/de\/appartementhaus\/\">Appartementhauses<\/a> in Zalakaros in Anspruch nehmen.<\/p>\n<p>Mit modernsten Technologien, zeitgem\u00e4ssen Behandlungsl\u00f6sungen und Materialien stehen wir Ihnen bei der L\u00f6sung Ihres Zahnproblems zur Verf\u00fcgung.<\/p>\n<p>Professionelles Dentallabor.<\/p>\n<p>Mit folgenden Leistungen stehen unsere Zahnarztpraxen Ihnen zur Verf\u00fcgung:<\/p>\n<ul>\n<li><a href=\"https:\/\/www.mariannaapartman.hu\/de\/zahnarztpraxis\/services\/diagnostik-und-metallallergie-untersuchung\/\">Diagnostik<\/a><\/li>\n<li><a href=\"https:\/\/www.mariannaapartman.hu\/de\/zahnarztpraxis\/services\/mundhygienische-behandlungen\/\">Mundhygienische Behandlungen<\/a><\/li>\n<li><a href=\"https:\/\/www.mariannaapartman.hu\/de\/zahnarztpraxis\/services\/konservierende-zahnheilkunde\/\">Konservierende Zahnheilkunde<\/a><\/li>\n<li><a href=\"https:\/\/www.mariannaapartman.hu\/de\/zahnarztpraxis\/services\/prothetik\/\">Prothetik<\/a><\/li>\n<li><a href=\"https:\/\/www.mariannaapartman.hu\/de\/zahnarztpraxis\/garantie\/\">Garantie<\/a><\/li>\n<\/ul>\n<div class=\"row gallery\">\n            <div class=\"col-md-6 col-lg-4\">\n                <div class=\"gallery-image-wrap\">\n                    <a data-gallery=\"gallery-1\" rel=\"gallery-1\" href=\"https:\/\/www.mariannaapartman.hu\/files\/SZR_4932.jpg\">\n                        <img decoding=\"async\" src=\"https:\/\/www.mariannaapartman.hu\/files\/SZR_4932-508x381.jpg\" alt=\"\" class=\"img-fluid\">\n                    <\/a>\n                <\/div>\n            <\/div>\n            <div class=\"col-md-6 col-lg-4\">\n                <div class=\"gallery-image-wrap\">\n                    <a data-gallery=\"gallery-1\" rel=\"gallery-1\" href=\"https:\/\/www.mariannaapartman.hu\/files\/SZR_4945.jpg\">\n                        <img decoding=\"async\" src=\"https:\/\/www.mariannaapartman.hu\/files\/SZR_4945-508x381.jpg\" alt=\"\" class=\"img-fluid\">\n                    <\/a>\n                <\/div>\n            <\/div>\n            <div class=\"col-md-6 col-lg-4\">\n                <div class=\"gallery-image-wrap\">\n                    <a data-gallery=\"gallery-1\" rel=\"gallery-1\" href=\"https:\/\/www.mariannaapartman.hu\/files\/SZR_4962.jpg\">\n                        <img decoding=\"async\" src=\"https:\/\/www.mariannaapartman.hu\/files\/SZR_4962-508x381.jpg\" alt=\"\" class=\"img-fluid\">\n                    <\/a>\n                <\/div>\n            <\/div><\/div><div class=\"row gallery\">\n            <div class=\"col-md-6 col-lg-4\">\n                <div class=\"gallery-image-wrap\">\n                    <a data-gallery=\"gallery-1\" rel=\"gallery-1\" href=\"https:\/\/www.mariannaapartman.hu\/files\/SZR_4970.jpg\">\n                        <img decoding=\"async\" src=\"https:\/\/www.mariannaapartman.hu\/files\/SZR_4970-508x381.jpg\" alt=\"\" class=\"img-fluid\">\n                    <\/a>\n                <\/div>\n            <\/div>\n            <div class=\"col-md-6 col-lg-4\">\n                <div class=\"gallery-image-wrap\">\n                    <a data-gallery=\"gallery-1\" rel=\"gallery-1\" href=\"https:\/\/www.mariannaapartman.hu\/files\/SZR_4975.jpg\">\n                        <img decoding=\"async\" src=\"https:\/\/www.mariannaapartman.hu\/files\/SZR_4975-508x381.jpg\" alt=\"\" class=\"img-fluid\">\n                    <\/a>\n                <\/div>\n            <\/div>\n            <div class=\"col-md-6 col-lg-4\">\n                <div class=\"gallery-image-wrap\">\n                    <a data-gallery=\"gallery-1\" rel=\"gallery-1\" href=\"https:\/\/www.mariannaapartman.hu\/files\/DSCF0173.jpg\">\n                        <img decoding=\"async\" src=\"https:\/\/www.mariannaapartman.hu\/files\/DSCF0173-508x381.jpg\" alt=\"\" class=\"img-fluid\">\n                    <\/a>\n                <\/div>\n            <\/div><\/div>\n","protected":false},"excerpt":{"rendered":"<p>In den Zahnarztpraxen in Zalakaros und Nagykanizsa f\u00fchlen Sie sich sicher wohl. Das kommt davon, dass bei der Einrichtung der Ordinationen viel Wert darauf gelegt wurde, dass eine freundliche, nette Atmosph\u00e4re entsteht, dass moderne Ger\u00e4te und niveauvolles Mobiliar ausgew\u00e4hlt wurden- und nicht zuletzt auch f\u00fcr exakte, pr\u00e4zise Leistung vern\u00fcnftige g\u00fcnstige Preise verlangt werden. Wenn Ihre [&hellip;]<\/p>\n","protected":false},"author":1,"featured_media":0,"parent":0,"menu_order":0,"comment_status":"closed","ping_status":"closed","template":"","meta":{"footnotes":""},"class_list":["post-71","page","type-page","status-publish","hentry"],"yoast_head":"<!-- This site is optimized with the Yoast SEO plugin v27.1.1 - https:\/\/yoast.com\/product\/yoast-seo-wordpress\/ -->\n<title>Zahnarztpraxis \u00bb Zahnarztordination in Nagykanizsa und Zalakaros<\/title>\n<meta name=\"description\" content=\"In freundlicher Umgebung, ingut eingerichteten Ordinationen erwarte ich meine Patienten in Nagykanizsa und Zalakaros. Haben Sie Vertrauen!\" \/>\n<meta name=\"robots\" content=\"index, follow, max-snippet:-1, max-image-preview:large, max-video-preview:-1\" \/>\n<link rel=\"canonical\" href=\"https:\/\/www.mariannaapartman.hu\/de\/zahnarztpraxis\/\" \/>\n<meta property=\"og:locale\" content=\"de_DE\" \/>\n<meta property=\"og:type\" content=\"article\" \/>\n<meta property=\"og:title\" content=\"Zahnarztpraxis \u00bb Zahnarztordination in Nagykanizsa und Zalakaros\" \/>\n<meta property=\"og:description\" content=\"In freundlicher Umgebung, ingut eingerichteten Ordinationen erwarte ich meine Patienten in Nagykanizsa und Zalakaros. Haben Sie Vertrauen!\" \/>\n<meta property=\"og:url\" content=\"https:\/\/www.mariannaapartman.hu\/de\/zahnarztpraxis\/\" \/>\n<meta property=\"og:site_name\" content=\"Marianna Apartmanh\u00e1z Zalakaros \u00bb Dr. Muczer Marianna fog\u00e1szati mag\u00e1npraxis\" \/>\n<meta property=\"article:modified_time\" content=\"2020-05-28T13:59:44+00:00\" \/>\n<meta property=\"og:image\" content=\"https:\/\/www.mariannaapartman.hu\/files\/SZR_4932-508x381.jpg\" \/>\n<meta name=\"twitter:card\" content=\"summary_large_image\" \/>\n<meta name=\"twitter:label1\" content=\"Gesch\u00e4tzte Lesezeit\" \/>\n\t<meta name=\"twitter:data1\" content=\"1\u00a0Minute\" \/>\n<script type=\"application\/ld+json\" class=\"yoast-schema-graph\">{\"@context\":\"https:\/\/schema.org\",\"@graph\":[{\"@type\":\"WebPage\",\"@id\":\"https:\/\/www.mariannaapartman.hu\/de\/zahnarztpraxis\/\",\"url\":\"https:\/\/www.mariannaapartman.hu\/de\/zahnarztpraxis\/\",\"name\":\"Zahnarztpraxis \u00bb Zahnarztordination in Nagykanizsa und Zalakaros\",\"isPartOf\":{\"@id\":\"https:\/\/www.mariannaapartman.hu\/#website\"},\"datePublished\":\"2018-04-25T13:29:53+00:00\",\"dateModified\":\"2020-05-28T13:59:44+00:00\",\"description\":\"In freundlicher Umgebung, ingut eingerichteten Ordinationen erwarte ich meine Patienten in Nagykanizsa und Zalakaros. Haben Sie Vertrauen!\",\"breadcrumb\":{\"@id\":\"https:\/\/www.mariannaapartman.hu\/de\/zahnarztpraxis\/#breadcrumb\"},\"inLanguage\":\"de\",\"potentialAction\":[{\"@type\":\"ReadAction\",\"target\":[\"https:\/\/www.mariannaapartman.hu\/de\/zahnarztpraxis\/\"]}]},{\"@type\":\"BreadcrumbList\",\"@id\":\"https:\/\/www.mariannaapartman.hu\/de\/zahnarztpraxis\/#breadcrumb\",\"itemListElement\":[{\"@type\":\"ListItem\",\"position\":1,\"name\":\"Home\",\"item\":\"https:\/\/www.mariannaapartman.hu\/\"},{\"@type\":\"ListItem\",\"position\":2,\"name\":\"Zahnarztpraxis\"}]},{\"@type\":\"WebSite\",\"@id\":\"https:\/\/www.mariannaapartman.hu\/#website\",\"url\":\"https:\/\/www.mariannaapartman.hu\/\",\"name\":\"Marianna Apartmanh\u00e1z Zalakaros \u00bb Dr. Muczer Marianna fog\u00e1szati mag\u00e1npraxis\",\"description\":\"\",\"potentialAction\":[{\"@type\":\"SearchAction\",\"target\":{\"@type\":\"EntryPoint\",\"urlTemplate\":\"https:\/\/www.mariannaapartman.hu\/?s={search_term_string}\"},\"query-input\":{\"@type\":\"PropertyValueSpecification\",\"valueRequired\":true,\"valueName\":\"search_term_string\"}}],\"inLanguage\":\"de\"}]}<\/script>\n<!-- \/ Yoast SEO plugin. -->","yoast_head_json":{"title":"Zahnarztpraxis \u00bb Zahnarztordination in Nagykanizsa und Zalakaros","description":"In freundlicher Umgebung, ingut eingerichteten Ordinationen erwarte ich meine Patienten in Nagykanizsa und Zalakaros. Haben Sie Vertrauen!","robots":{"index":"index","follow":"follow","max-snippet":"max-snippet:-1","max-image-preview":"max-image-preview:large","max-video-preview":"max-video-preview:-1"},"canonical":"https:\/\/www.mariannaapartman.hu\/de\/zahnarztpraxis\/","og_locale":"de_DE","og_type":"article","og_title":"Zahnarztpraxis \u00bb Zahnarztordination in Nagykanizsa und Zalakaros","og_description":"In freundlicher Umgebung, ingut eingerichteten Ordinationen erwarte ich meine Patienten in Nagykanizsa und Zalakaros. Haben Sie Vertrauen!","og_url":"https:\/\/www.mariannaapartman.hu\/de\/zahnarztpraxis\/","og_site_name":"Marianna Apartmanh\u00e1z Zalakaros \u00bb Dr. Muczer Marianna fog\u00e1szati mag\u00e1npraxis","article_modified_time":"2020-05-28T13:59:44+00:00","og_image":[{"url":"https:\/\/www.mariannaapartman.hu\/files\/SZR_4932-508x381.jpg","type":"","width":"","height":""}],"twitter_card":"summary_large_image","twitter_misc":{"Gesch\u00e4tzte Lesezeit":"1\u00a0Minute"},"schema":{"@context":"https:\/\/schema.org","@graph":[{"@type":"WebPage","@id":"https:\/\/www.mariannaapartman.hu\/de\/zahnarztpraxis\/","url":"https:\/\/www.mariannaapartman.hu\/de\/zahnarztpraxis\/","name":"Zahnarztpraxis \u00bb Zahnarztordination in Nagykanizsa und Zalakaros","isPartOf":{"@id":"https:\/\/www.mariannaapartman.hu\/#website"},"datePublished":"2018-04-25T13:29:53+00:00","dateModified":"2020-05-28T13:59:44+00:00","description":"In freundlicher Umgebung, ingut eingerichteten Ordinationen erwarte ich meine Patienten in Nagykanizsa und Zalakaros. Haben Sie Vertrauen!","breadcrumb":{"@id":"https:\/\/www.mariannaapartman.hu\/de\/zahnarztpraxis\/#breadcrumb"},"inLanguage":"de","potentialAction":[{"@type":"ReadAction","target":["https:\/\/www.mariannaapartman.hu\/de\/zahnarztpraxis\/"]}]},{"@type":"BreadcrumbList","@id":"https:\/\/www.mariannaapartman.hu\/de\/zahnarztpraxis\/#breadcrumb","itemListElement":[{"@type":"ListItem","position":1,"name":"Home","item":"https:\/\/www.mariannaapartman.hu\/"},{"@type":"ListItem","position":2,"name":"Zahnarztpraxis"}]},{"@type":"WebSite","@id":"https:\/\/www.mariannaapartman.hu\/#website","url":"https:\/\/www.mariannaapartman.hu\/","name":"Marianna Apartmanh\u00e1z Zalakaros \u00bb Dr. Muczer Marianna fog\u00e1szati mag\u00e1npraxis","description":"","potentialAction":[{"@type":"SearchAction","target":{"@type":"EntryPoint","urlTemplate":"https:\/\/www.mariannaapartman.hu\/?s={search_term_string}"},"query-input":{"@type":"PropertyValueSpecification","valueRequired":true,"valueName":"search_term_string"}}],"inLanguage":"de"}]}},"_links":{"self":[{"href":"https:\/\/www.mariannaapartman.hu\/de\/wp-json\/wp\/v2\/pages\/71","targetHints":{"allow":["GET"]}}],"collection":[{"href":"https:\/\/www.mariannaapartman.hu\/de\/wp-json\/wp\/v2\/pages"}],"about":[{"href":"https:\/\/www.mariannaapartman.hu\/de\/wp-json\/wp\/v2\/types\/page"}],"author":[{"embeddable":true,"href":"https:\/\/www.mariannaapartman.hu\/de\/wp-json\/wp\/v2\/users\/1"}],"replies":[{"embeddable":true,"href":"https:\/\/www.mariannaapartman.hu\/de\/wp-json\/wp\/v2\/comments?post=71"}],"version-history":[{"count":0,"href":"https:\/\/www.mariannaapartman.hu\/de\/wp-json\/wp\/v2\/pages\/71\/revisions"}],"wp:attachment":[{"href":"https:\/\/www.mariannaapartman.hu\/de\/wp-json\/wp\/v2\/media?parent=71"}],"curies":[{"name":"wp","href":"https:\/\/api.w.org\/{rel}","templated":true}]}}