{"id":75,"date":"2018-04-25T13:32:38","date_gmt":"2018-04-25T13:32:38","guid":{"rendered":"https:\/\/www.mariannaapartman.hu\/?page_id=75"},"modified":"2018-05-25T15:08:48","modified_gmt":"2018-05-25T15:08:48","slug":"diagnostik-und-metallallergie-untersuchung","status":"publish","type":"page","link":"https:\/\/www.mariannaapartman.hu\/de\/zahnarztpraxis\/services\/diagnostik-und-metallallergie-untersuchung\/","title":{"rendered":"Diagnostik und metallallergie-untersuchung"},"content":{"rendered":"<h2>Zahnr\u00f6ntgen: 3&#215;4 cm Kleinr\u00f6ntgen<\/h2>\n<div class=\"row gallery\">\n            <div class=\"col-md-6 col-lg-4\">\n                <div class=\"gallery-image-wrap\">\n                    <a data-gallery=\"gallery-1\" rel=\"gallery-1\" href=\"https:\/\/www.mariannaapartman.hu\/files\/SZR_4970.jpg\">\n                        <img decoding=\"async\" src=\"https:\/\/www.mariannaapartman.hu\/files\/SZR_4970-508x381.jpg\" alt=\"\" class=\"img-fluid\">\n                    <\/a>\n                <\/div>\n            <\/div><\/div>\n<h2>Panorama-R\u00f6ntgen: Aufnahme von der ganzen Bezahnung<\/h2>\n<div class=\"row gallery\">\n            <div class=\"col-md-6 col-lg-4\">\n                <div class=\"gallery-image-wrap\">\n                    <a data-gallery=\"gallery-2\" rel=\"gallery-2\" href=\"https:\/\/www.mariannaapartman.hu\/files\/SZR_4975.jpg\">\n                        <img decoding=\"async\" src=\"https:\/\/www.mariannaapartman.hu\/files\/SZR_4975-508x381.jpg\" alt=\"\" class=\"img-fluid\">\n                    <\/a>\n                <\/div>\n            <\/div>\n            <div class=\"col-md-6 col-lg-4\">\n                <div class=\"gallery-image-wrap\">\n                    <a data-gallery=\"gallery-2\" rel=\"gallery-2\" href=\"https:\/\/www.mariannaapartman.hu\/files\/panorama_rontgen.jpg\">\n                        <img decoding=\"async\" src=\"https:\/\/www.mariannaapartman.hu\/files\/panorama_rontgen-508x381.jpg\" alt=\"\" class=\"img-fluid\">\n                    <\/a>\n                <\/div>\n            <\/div><\/div>\n<h2>Zahnwurzelvermessung<\/h2>\n<p>Ohne R\u00f6ntgenstrahlbelastung kann mit dem Instrument die L\u00e4nge der zu behandelnden Zahnwurzel ermittelt werden.<\/p>\n<h2>Metallallergie-Untersuchung (DMA-meter)<\/h2>\n<p><a href=\"https:\/\/www.mariannaapartman.hu\/files\/dma_meter_01.jpg\" rel='gallery_post'><img loading=\"lazy\" decoding=\"async\" class=\"alignright wp-image-185\" src=\"https:\/\/www.mariannaapartman.hu\/files\/dma_meter_01-300x225.jpg\" alt=\"\" width=\"217\" height=\"163\" srcset=\"https:\/\/www.mariannaapartman.hu\/files\/dma_meter_01-300x225.jpg 300w, https:\/\/www.mariannaapartman.hu\/files\/dma_meter_01-508x381.jpg 508w, https:\/\/www.mariannaapartman.hu\/files\/dma_meter_01.jpg 600w\" sizes=\"auto, (max-width: 217px) 100vw, 217px\" \/><\/a>Die Volkskrankheit Allergie macht unser Leben in vielf\u00e4ltiger Form schwer. Immer mehr Leute haben Allergien wegen verschiedener Bl\u00fcten, Staub oder Materialien, aber in der Zahnheilkunde gibt es noch gr\u00f6\u00dfere Gefahren wegen Metall-Legierungen der Kronen und Br\u00fccken oder der Metallplomben der Z\u00e4hne. Diese Metalle k\u00f6nnen im Mund mit dem Speichel zusammen eine Art Batterie bilden. Mehrere Metalle der Legierungen erweisen sich als Allergene (Ni, Cr, Co, Pd, Be) bei vielen Patienten, wenn die vom Speichel gel\u00f6sten Metallionen durch die Blutbahn ins Organismus gelangen. Die Symptome sind sehr unterschiedlich. Die Ver\u00e4nderungen k\u00f6nnen im Mundbereich oder au\u00dferhalb des Mundes auftreten. Es entsteht eine Geschmacksver\u00e4nderung im Mund, es brennt oder es schmeckt sauer an der Mundschleimhaut. Am K\u00f6rper k\u00f6nnen Hautausschl\u00e4ge erscheinen, Haarausfall, oder verschiedene Ekzeme k\u00f6nnen dann am meisten zur Belastung werden. Mit der Hilfe eines von einem ungarischen Arzt patentierten Ger\u00e4tes kann jetzt der Zahnarzt mit einem Zahnarztinstrument (DMA-meter) den elektrochemischen Zustand des im Mund befindlichen Zahnersatzes diagnostizieren und prognostizieren.<\/p>\n\n<div class=\"wpcf7 no-js\" id=\"wpcf7-f159-o1\" lang=\"hu-HU\" dir=\"ltr\" data-wpcf7-id=\"159\">\n<div class=\"screen-reader-response\"><p role=\"status\" aria-live=\"polite\" aria-atomic=\"true\"><\/p> <ul><\/ul><\/div>\n<form action=\"\/de\/wp-json\/wp\/v2\/pages\/75#wpcf7-f159-o1\" method=\"post\" class=\"wpcf7-form init\" aria-label=\"Kapcsolatfelv\u00e9teli \u0171rlap\" novalidate=\"novalidate\" data-status=\"init\">\n<fieldset class=\"hidden-fields-container\"><input type=\"hidden\" name=\"_wpcf7\" value=\"159\" \/><input type=\"hidden\" name=\"_wpcf7_version\" value=\"6.1.5\" \/><input type=\"hidden\" name=\"_wpcf7_locale\" value=\"hu_HU\" \/><input type=\"hidden\" name=\"_wpcf7_unit_tag\" value=\"wpcf7-f159-o1\" \/><input type=\"hidden\" name=\"_wpcf7_container_post\" value=\"0\" \/><input type=\"hidden\" name=\"_wpcf7_posted_data_hash\" value=\"\" \/>\n<\/fieldset>\n<h1>Terminvereinbarung<\/h1>\n<p class=\"required\">Mit * markierte Felder sind Pflichtfelder, bitte unbedingt ausf\u00fcllen.<\/p>\n\n<div class=\"form-row\">\n    <div class=\"form-group col-md-6\">\n      <label for=\"nev\">Name*<\/label>\n      <div class=\"form-group nev\"><input class=\"wpcf7-form-control wpcf7-text wpcf7-validates-as-required form-control form-control\" name=\"nev\" type=\"text\" value=\"\" aria-invalid=\"false\" aria-required=\"true\" required><\/div>\n    <\/div>\n    <div class=\"form-group col-md-6\">\n      <label for=\"email\"\">E-mail*<\/label>\n      <div class=\"form-group email\"><input class=\"wpcf7-form-control wpcf7-email wpcf7-validates-as-required wpcf7-text wpcf7-validates-as-email form-control form-control\" name=\"email\" type=\"email\" value=\"\" aria-invalid=\"false\" aria-required=\"true\" required><\/div>\n    <\/div>\n<\/div>\n<div class=\"form-row\">\n    <div class=\"form-group col-md-6\">\n      <label for=\"telefon\">Telefon-Nr.*<\/label>\n      <div class=\"form-group telefon\"><input class=\"wpcf7-form-control wpcf7-text wpcf7-validates-as-required form-control form-control\" name=\"telefon\" type=\"text\" value=\"\" aria-invalid=\"false\" aria-required=\"true\" required><\/div>\n    <\/div>\n    <div class=\"form-group col-md-6\">\n      <label for=\"fax\"\">Adresse*<\/label>\n      <div class=\"form-group cim\"><input class=\"wpcf7-form-control wpcf7-text wpcf7-validates-as-required form-control form-control\" name=\"cim\" type=\"text\" value=\"\" aria-invalid=\"false\" aria-required=\"true\" required><\/div>\n    <\/div>\n<\/div>\n\n<div class=\"form-group\">\n    <label for=\"megjegyezes\">Beschreibung der Beschwerden*<\/label>\n    <div class=\"form-group uzenet\"><textarea class=\"wpcf7-form-control wpcf7-textarea wpcf7-validates-as-required form-control form-control\" name=\"uzenet\" rows=\"4\" aria-invalid=\"false\" aria-required=\"true\" required><\/textarea><\/div>\n<\/div>\n\n<div class=\"form-group\">\n\t[recaptcha]\n<\/div>\n<div class=\"form-group row\">\n\t<div class=\"col-sm-offset-2 col-10\">\n\t\t<div class=\"form-group wpcf7-form-control wpcf7-acceptance acceptance-279\"><div class=\"checkbox wpcf7-form-control wpcf7-acceptance acceptance-279\"><label ><input name=\"acceptance-279\" type=\"checkbox\" value=\"1\" aria-invalid=\"false\">&nbsp;&nbsp;Ich bin mit der Verarbeitung meiner Daten einverstanden<\/label><\/div><\/div>\n\t<\/div>\n<\/div>\n<div class=\"form-group row\">\n\t<div class=\"col-sm-offset-2 col-md-1 col-auto\">\n\t\t<div class=\"form-group\"><div><div class=\"cf7-cf-turnstile\" style=\"margin-top: 0px; margin-bottom: -15px;\"> <div id=\"cf-turnstile-cf7-1041452016\" class=\"cf-turnstile\" data-sitekey=\"0x4AAAAAAA7pGSWgz6UBO84Q\" data-theme=\"light\" data-language=\"auto\" data-size=\"normal\" data-retry=\"auto\" data-retry-interval=\"1000\" data-refresh-expired=\"auto\" data-action=\"contact-form-7\" data-appearance=\"always\"><\/div> <script>document.addEventListener(\"DOMContentLoaded\", function() { setTimeout(function(){ var e=document.getElementById(\"cf-turnstile-cf7-1041452016\"); e&&!e.innerHTML.trim()&&(turnstile.remove(\"#cf-turnstile-cf7-1041452016\"), turnstile.render(\"#cf-turnstile-cf7-1041452016\", {sitekey:\"0x4AAAAAAA7pGSWgz6UBO84Q\"})); }, 100); });<\/script> <br class=\"cf-turnstile-br cf-turnstile-br-cf7-1041452016\"> <style>#cf-turnstile-cf7-1041452016 { margin-left: -15px; }<\/style> <script>document.addEventListener(\"DOMContentLoaded\",function(){document.querySelectorAll('.wpcf7-form').forEach(function(e){e.addEventListener('submit',function(){if(document.getElementById('cf-turnstile-cf7-1041452016')){setTimeout(function(){turnstile.reset('#cf-turnstile-cf7-1041452016');},1000)}})})});<\/script> <\/div><br\/><input class=\"wpcf7-form-control wpcf7-submit btn btn-primary\" type=\"submit\" value=\"Senden\"><\/div><\/div>\n\t<\/div>\n<\/div><div class=\"wpcf7-response-output alert alert-warning\"><\/div>\n<\/form>\n<\/div>\n\n","protected":false},"excerpt":{"rendered":"<p>Zahnr\u00f6ntgen: 3&#215;4 cm Kleinr\u00f6ntgen Panorama-R\u00f6ntgen: Aufnahme von der ganzen Bezahnung Zahnwurzelvermessung Ohne R\u00f6ntgenstrahlbelastung kann mit dem Instrument die L\u00e4nge der zu behandelnden Zahnwurzel ermittelt werden. Metallallergie-Untersuchung (DMA-meter) Die Volkskrankheit Allergie macht unser Leben in vielf\u00e4ltiger Form schwer. Immer mehr Leute haben Allergien wegen verschiedener Bl\u00fcten, Staub oder Materialien, aber in der Zahnheilkunde gibt es noch [&hellip;]<\/p>\n","protected":false},"author":1,"featured_media":0,"parent":73,"menu_order":0,"comment_status":"closed","ping_status":"closed","template":"","meta":{"footnotes":""},"class_list":["post-75","page","type-page","status-publish","hentry"],"yoast_head":"<!-- This site is optimized with the Yoast SEO plugin v27.1.1 - https:\/\/yoast.com\/product\/yoast-seo-wordpress\/ -->\n<title>Zahnarztpraxis \u00bb Zahnarztordination in Nagykanizsa und Zalakaros \u00bb Diagnostik<\/title>\n<meta name=\"description\" content=\"In freundlicher Umgebung, ingut eingerichteten Ordinationen erwarte ich meine Patienten in Nagykanizsa und Zalakaros. Haben Sie Vertrauen!\" \/>\n<meta name=\"robots\" content=\"index, follow, max-snippet:-1, max-image-preview:large, max-video-preview:-1\" \/>\n<link rel=\"canonical\" href=\"https:\/\/www.mariannaapartman.hu\/de\/zahnarztpraxis\/services\/diagnostik-und-metallallergie-untersuchung\/\" \/>\n<meta property=\"og:locale\" content=\"de_DE\" \/>\n<meta property=\"og:type\" content=\"article\" \/>\n<meta property=\"og:title\" content=\"Zahnarztpraxis \u00bb Zahnarztordination in Nagykanizsa und Zalakaros \u00bb Diagnostik\" \/>\n<meta property=\"og:description\" content=\"In freundlicher Umgebung, ingut eingerichteten Ordinationen erwarte ich meine Patienten in Nagykanizsa und Zalakaros. Haben Sie Vertrauen!\" \/>\n<meta property=\"og:url\" content=\"https:\/\/www.mariannaapartman.hu\/de\/zahnarztpraxis\/services\/diagnostik-und-metallallergie-untersuchung\/\" \/>\n<meta property=\"og:site_name\" content=\"Marianna Apartmanh\u00e1z Zalakaros \u00bb Dr. Muczer Marianna fog\u00e1szati mag\u00e1npraxis\" \/>\n<meta property=\"article:modified_time\" content=\"2018-05-25T15:08:48+00:00\" \/>\n<meta property=\"og:image\" content=\"https:\/\/www.mariannaapartman.hu\/files\/SZR_4970-508x381.jpg\" \/>\n<meta name=\"twitter:card\" content=\"summary_large_image\" \/>\n<meta name=\"twitter:label1\" content=\"Gesch\u00e4tzte Lesezeit\" \/>\n\t<meta name=\"twitter:data1\" content=\"1\u00a0Minute\" \/>\n<script type=\"application\/ld+json\" class=\"yoast-schema-graph\">{\"@context\":\"https:\/\/schema.org\",\"@graph\":[{\"@type\":\"WebPage\",\"@id\":\"https:\/\/www.mariannaapartman.hu\/de\/zahnarztpraxis\/services\/diagnostik-und-metallallergie-untersuchung\/\",\"url\":\"https:\/\/www.mariannaapartman.hu\/de\/zahnarztpraxis\/services\/diagnostik-und-metallallergie-untersuchung\/\",\"name\":\"Zahnarztpraxis \u00bb Zahnarztordination in Nagykanizsa und Zalakaros \u00bb Diagnostik\",\"isPartOf\":{\"@id\":\"https:\/\/www.mariannaapartman.hu\/#website\"},\"primaryImageOfPage\":{\"@id\":\"https:\/\/www.mariannaapartman.hu\/de\/zahnarztpraxis\/services\/diagnostik-und-metallallergie-untersuchung\/#primaryimage\"},\"image\":{\"@id\":\"https:\/\/www.mariannaapartman.hu\/de\/zahnarztpraxis\/services\/diagnostik-und-metallallergie-untersuchung\/#primaryimage\"},\"thumbnailUrl\":\"https:\/\/www.mariannaapartman.hu\/files\/dma_meter_01-300x225.jpg\",\"datePublished\":\"2018-04-25T13:32:38+00:00\",\"dateModified\":\"2018-05-25T15:08:48+00:00\",\"description\":\"In freundlicher Umgebung, ingut eingerichteten Ordinationen erwarte ich meine Patienten in Nagykanizsa und Zalakaros. Haben Sie Vertrauen!\",\"breadcrumb\":{\"@id\":\"https:\/\/www.mariannaapartman.hu\/de\/zahnarztpraxis\/services\/diagnostik-und-metallallergie-untersuchung\/#breadcrumb\"},\"inLanguage\":\"de\",\"potentialAction\":[{\"@type\":\"ReadAction\",\"target\":[\"https:\/\/www.mariannaapartman.hu\/de\/zahnarztpraxis\/services\/diagnostik-und-metallallergie-untersuchung\/\"]}]},{\"@type\":\"ImageObject\",\"inLanguage\":\"de\",\"@id\":\"https:\/\/www.mariannaapartman.hu\/de\/zahnarztpraxis\/services\/diagnostik-und-metallallergie-untersuchung\/#primaryimage\",\"url\":\"https:\/\/www.mariannaapartman.hu\/files\/dma_meter_01-300x225.jpg\",\"contentUrl\":\"https:\/\/www.mariannaapartman.hu\/files\/dma_meter_01-300x225.jpg\"},{\"@type\":\"BreadcrumbList\",\"@id\":\"https:\/\/www.mariannaapartman.hu\/de\/zahnarztpraxis\/services\/diagnostik-und-metallallergie-untersuchung\/#breadcrumb\",\"itemListElement\":[{\"@type\":\"ListItem\",\"position\":1,\"name\":\"Home\",\"item\":\"https:\/\/www.mariannaapartman.hu\/\"},{\"@type\":\"ListItem\",\"position\":2,\"name\":\"Zahnarztpraxis\",\"item\":\"https:\/\/www.mariannaapartman.hu\/de\/zahnarztpraxis\/\"},{\"@type\":\"ListItem\",\"position\":3,\"name\":\"Services\",\"item\":\"https:\/\/www.mariannaapartman.hu\/de\/zahnarztpraxis\/services\/\"},{\"@type\":\"ListItem\",\"position\":4,\"name\":\"Diagnostik und metallallergie-untersuchung\"}]},{\"@type\":\"WebSite\",\"@id\":\"https:\/\/www.mariannaapartman.hu\/#website\",\"url\":\"https:\/\/www.mariannaapartman.hu\/\",\"name\":\"Marianna Apartmanh\u00e1z Zalakaros \u00bb Dr. Muczer Marianna fog\u00e1szati mag\u00e1npraxis\",\"description\":\"\",\"potentialAction\":[{\"@type\":\"SearchAction\",\"target\":{\"@type\":\"EntryPoint\",\"urlTemplate\":\"https:\/\/www.mariannaapartman.hu\/?s={search_term_string}\"},\"query-input\":{\"@type\":\"PropertyValueSpecification\",\"valueRequired\":true,\"valueName\":\"search_term_string\"}}],\"inLanguage\":\"de\"}]}<\/script>\n<!-- \/ Yoast SEO plugin. -->","yoast_head_json":{"title":"Zahnarztpraxis \u00bb Zahnarztordination in Nagykanizsa und Zalakaros \u00bb Diagnostik","description":"In freundlicher Umgebung, ingut eingerichteten Ordinationen erwarte ich meine Patienten in Nagykanizsa und Zalakaros. Haben Sie Vertrauen!","robots":{"index":"index","follow":"follow","max-snippet":"max-snippet:-1","max-image-preview":"max-image-preview:large","max-video-preview":"max-video-preview:-1"},"canonical":"https:\/\/www.mariannaapartman.hu\/de\/zahnarztpraxis\/services\/diagnostik-und-metallallergie-untersuchung\/","og_locale":"de_DE","og_type":"article","og_title":"Zahnarztpraxis \u00bb Zahnarztordination in Nagykanizsa und Zalakaros \u00bb Diagnostik","og_description":"In freundlicher Umgebung, ingut eingerichteten Ordinationen erwarte ich meine Patienten in Nagykanizsa und Zalakaros. Haben Sie Vertrauen!","og_url":"https:\/\/www.mariannaapartman.hu\/de\/zahnarztpraxis\/services\/diagnostik-und-metallallergie-untersuchung\/","og_site_name":"Marianna Apartmanh\u00e1z Zalakaros \u00bb Dr. Muczer Marianna fog\u00e1szati mag\u00e1npraxis","article_modified_time":"2018-05-25T15:08:48+00:00","og_image":[{"url":"https:\/\/www.mariannaapartman.hu\/files\/SZR_4970-508x381.jpg","type":"","width":"","height":""}],"twitter_card":"summary_large_image","twitter_misc":{"Gesch\u00e4tzte Lesezeit":"1\u00a0Minute"},"schema":{"@context":"https:\/\/schema.org","@graph":[{"@type":"WebPage","@id":"https:\/\/www.mariannaapartman.hu\/de\/zahnarztpraxis\/services\/diagnostik-und-metallallergie-untersuchung\/","url":"https:\/\/www.mariannaapartman.hu\/de\/zahnarztpraxis\/services\/diagnostik-und-metallallergie-untersuchung\/","name":"Zahnarztpraxis \u00bb Zahnarztordination in Nagykanizsa und Zalakaros \u00bb Diagnostik","isPartOf":{"@id":"https:\/\/www.mariannaapartman.hu\/#website"},"primaryImageOfPage":{"@id":"https:\/\/www.mariannaapartman.hu\/de\/zahnarztpraxis\/services\/diagnostik-und-metallallergie-untersuchung\/#primaryimage"},"image":{"@id":"https:\/\/www.mariannaapartman.hu\/de\/zahnarztpraxis\/services\/diagnostik-und-metallallergie-untersuchung\/#primaryimage"},"thumbnailUrl":"https:\/\/www.mariannaapartman.hu\/files\/dma_meter_01-300x225.jpg","datePublished":"2018-04-25T13:32:38+00:00","dateModified":"2018-05-25T15:08:48+00:00","description":"In freundlicher Umgebung, ingut eingerichteten Ordinationen erwarte ich meine Patienten in Nagykanizsa und Zalakaros. Haben Sie Vertrauen!","breadcrumb":{"@id":"https:\/\/www.mariannaapartman.hu\/de\/zahnarztpraxis\/services\/diagnostik-und-metallallergie-untersuchung\/#breadcrumb"},"inLanguage":"de","potentialAction":[{"@type":"ReadAction","target":["https:\/\/www.mariannaapartman.hu\/de\/zahnarztpraxis\/services\/diagnostik-und-metallallergie-untersuchung\/"]}]},{"@type":"ImageObject","inLanguage":"de","@id":"https:\/\/www.mariannaapartman.hu\/de\/zahnarztpraxis\/services\/diagnostik-und-metallallergie-untersuchung\/#primaryimage","url":"https:\/\/www.mariannaapartman.hu\/files\/dma_meter_01-300x225.jpg","contentUrl":"https:\/\/www.mariannaapartman.hu\/files\/dma_meter_01-300x225.jpg"},{"@type":"BreadcrumbList","@id":"https:\/\/www.mariannaapartman.hu\/de\/zahnarztpraxis\/services\/diagnostik-und-metallallergie-untersuchung\/#breadcrumb","itemListElement":[{"@type":"ListItem","position":1,"name":"Home","item":"https:\/\/www.mariannaapartman.hu\/"},{"@type":"ListItem","position":2,"name":"Zahnarztpraxis","item":"https:\/\/www.mariannaapartman.hu\/de\/zahnarztpraxis\/"},{"@type":"ListItem","position":3,"name":"Services","item":"https:\/\/www.mariannaapartman.hu\/de\/zahnarztpraxis\/services\/"},{"@type":"ListItem","position":4,"name":"Diagnostik und metallallergie-untersuchung"}]},{"@type":"WebSite","@id":"https:\/\/www.mariannaapartman.hu\/#website","url":"https:\/\/www.mariannaapartman.hu\/","name":"Marianna Apartmanh\u00e1z Zalakaros \u00bb Dr. Muczer Marianna fog\u00e1szati mag\u00e1npraxis","description":"","potentialAction":[{"@type":"SearchAction","target":{"@type":"EntryPoint","urlTemplate":"https:\/\/www.mariannaapartman.hu\/?s={search_term_string}"},"query-input":{"@type":"PropertyValueSpecification","valueRequired":true,"valueName":"search_term_string"}}],"inLanguage":"de"}]}},"_links":{"self":[{"href":"https:\/\/www.mariannaapartman.hu\/de\/wp-json\/wp\/v2\/pages\/75","targetHints":{"allow":["GET"]}}],"collection":[{"href":"https:\/\/www.mariannaapartman.hu\/de\/wp-json\/wp\/v2\/pages"}],"about":[{"href":"https:\/\/www.mariannaapartman.hu\/de\/wp-json\/wp\/v2\/types\/page"}],"author":[{"embeddable":true,"href":"https:\/\/www.mariannaapartman.hu\/de\/wp-json\/wp\/v2\/users\/1"}],"replies":[{"embeddable":true,"href":"https:\/\/www.mariannaapartman.hu\/de\/wp-json\/wp\/v2\/comments?post=75"}],"version-history":[{"count":0,"href":"https:\/\/www.mariannaapartman.hu\/de\/wp-json\/wp\/v2\/pages\/75\/revisions"}],"up":[{"embeddable":true,"href":"https:\/\/www.mariannaapartman.hu\/de\/wp-json\/wp\/v2\/pages\/73"}],"wp:attachment":[{"href":"https:\/\/www.mariannaapartman.hu\/de\/wp-json\/wp\/v2\/media?parent=75"}],"curies":[{"name":"wp","href":"https:\/\/api.w.org\/{rel}","templated":true}]}}