{"id":77,"date":"2018-04-25T13:37:02","date_gmt":"2018-04-25T13:37:02","guid":{"rendered":"https:\/\/www.mariannaapartman.hu\/?page_id=77"},"modified":"2018-05-25T15:14:07","modified_gmt":"2018-05-25T15:14:07","slug":"mundhygienische-behandlungen","status":"publish","type":"page","link":"https:\/\/www.mariannaapartman.hu\/de\/zahnarztpraxis\/services\/mundhygienische-behandlungen\/","title":{"rendered":"Mundhygienische behandlungen"},"content":{"rendered":"<h2>Zahnsteinentfernung mit Ultraschall<\/h2>\n<p>Zahnstein ist verkalkter Zahnbelag, haftet sehr stark an den Zahnfl\u00e4chen, aber auch beim Zahnersatz. Die durch Ultraschall erzeugte Vibration der Luftbl\u00e4schen zersprengt beim Aufprall den Zahnstein.<\/p>\n<h2>Polieren von Zahnoberfl\u00e4chen und Zahnzwischenr\u00e4umen mit Sandstrahler<\/h2>\n<p><a href=\"https:\/\/www.mariannaapartman.hu\/files\/polirozas.jpg\" rel='gallery_post'><img loading=\"lazy\" decoding=\"async\" class=\"alignright size-medium wp-image-190\" src=\"https:\/\/www.mariannaapartman.hu\/files\/polirozas-300x111.jpg\" alt=\"\" width=\"300\" height=\"111\" srcset=\"https:\/\/www.mariannaapartman.hu\/files\/polirozas-300x111.jpg 300w, https:\/\/www.mariannaapartman.hu\/files\/polirozas.jpg 379w\" sizes=\"auto, (max-width: 300px) 100vw, 300px\" \/><\/a>Mit dem Ger\u00e4t k\u00f6nnen Verf\u00e4rbungen des Zahnes entfernt werden, die Zahnzwischenr\u00e4ume und Br\u00fcckengliedseite zum Zahnfleisch k\u00f6nnen straff ges\u00e4ubert werden.<\/p>\n<h2>Schleimhaut- und Wundbehandlung mit Weichlaser<\/h2>\n<p><a href=\"https:\/\/www.mariannaapartman.hu\/files\/nyalkahartya_kezeles.jpg\" rel='gallery_post'><img loading=\"lazy\" decoding=\"async\" class=\"alignright wp-image-189 size-medium\" src=\"https:\/\/www.mariannaapartman.hu\/files\/nyalkahartya_kezeles-300x240.jpg\" alt=\"\" width=\"300\" height=\"240\" srcset=\"https:\/\/www.mariannaapartman.hu\/files\/nyalkahartya_kezeles-300x240.jpg 300w, https:\/\/www.mariannaapartman.hu\/files\/nyalkahartya_kezeles-768x614.jpg 768w, https:\/\/www.mariannaapartman.hu\/files\/nyalkahartya_kezeles.jpg 1000w\" sizes=\"auto, (max-width: 300px) 100vw, 300px\" \/><\/a>Die Laserbehandlung erm\u0151glicht eine schnellere Heilung von Wunden und Entz\u00fcndungen. Sie hilft bei der Zellenregenerierung in dem gesch\u00e4digten Gewebe. Die Wundheilung nach einer Implantation oder nach einer Extrahierung ist zweimal schneller als ohne und ist f\u00fcr die Heilung von Zahnfleischerkrankungen, Herpes oder Aften gut geignet.<\/p>\n\n<div class=\"wpcf7 no-js\" id=\"wpcf7-f159-o1\" lang=\"hu-HU\" dir=\"ltr\" data-wpcf7-id=\"159\">\n<div class=\"screen-reader-response\"><p role=\"status\" aria-live=\"polite\" aria-atomic=\"true\"><\/p> <ul><\/ul><\/div>\n<form action=\"\/de\/wp-json\/wp\/v2\/pages\/77#wpcf7-f159-o1\" method=\"post\" class=\"wpcf7-form init\" aria-label=\"Kapcsolatfelv\u00e9teli \u0171rlap\" novalidate=\"novalidate\" data-status=\"init\">\n<fieldset class=\"hidden-fields-container\"><input type=\"hidden\" name=\"_wpcf7\" value=\"159\" \/><input type=\"hidden\" name=\"_wpcf7_version\" value=\"6.1.5\" \/><input type=\"hidden\" name=\"_wpcf7_locale\" value=\"hu_HU\" \/><input type=\"hidden\" name=\"_wpcf7_unit_tag\" value=\"wpcf7-f159-o1\" \/><input type=\"hidden\" name=\"_wpcf7_container_post\" value=\"0\" \/><input type=\"hidden\" name=\"_wpcf7_posted_data_hash\" value=\"\" \/>\n<\/fieldset>\n<h1>Terminvereinbarung<\/h1>\n<p class=\"required\">Mit * markierte Felder sind Pflichtfelder, bitte unbedingt ausf\u00fcllen.<\/p>\n\n<div class=\"form-row\">\n    <div class=\"form-group col-md-6\">\n      <label for=\"nev\">Name*<\/label>\n      <div class=\"form-group nev\"><input class=\"wpcf7-form-control wpcf7-text wpcf7-validates-as-required form-control form-control\" name=\"nev\" type=\"text\" value=\"\" aria-invalid=\"false\" aria-required=\"true\" required><\/div>\n    <\/div>\n    <div class=\"form-group col-md-6\">\n      <label for=\"email\"\">E-mail*<\/label>\n      <div class=\"form-group email\"><input class=\"wpcf7-form-control wpcf7-email wpcf7-validates-as-required wpcf7-text wpcf7-validates-as-email form-control form-control\" name=\"email\" type=\"email\" value=\"\" aria-invalid=\"false\" aria-required=\"true\" required><\/div>\n    <\/div>\n<\/div>\n<div class=\"form-row\">\n    <div class=\"form-group col-md-6\">\n      <label for=\"telefon\">Telefon-Nr.*<\/label>\n      <div class=\"form-group telefon\"><input class=\"wpcf7-form-control wpcf7-text wpcf7-validates-as-required form-control form-control\" name=\"telefon\" type=\"text\" value=\"\" aria-invalid=\"false\" aria-required=\"true\" required><\/div>\n    <\/div>\n    <div class=\"form-group col-md-6\">\n      <label for=\"fax\"\">Adresse*<\/label>\n      <div class=\"form-group cim\"><input class=\"wpcf7-form-control wpcf7-text wpcf7-validates-as-required form-control form-control\" name=\"cim\" type=\"text\" value=\"\" aria-invalid=\"false\" aria-required=\"true\" required><\/div>\n    <\/div>\n<\/div>\n\n<div class=\"form-group\">\n    <label for=\"megjegyezes\">Beschreibung der Beschwerden*<\/label>\n    <div class=\"form-group uzenet\"><textarea class=\"wpcf7-form-control wpcf7-textarea wpcf7-validates-as-required form-control form-control\" name=\"uzenet\" rows=\"4\" aria-invalid=\"false\" aria-required=\"true\" required><\/textarea><\/div>\n<\/div>\n\n<div class=\"form-group\">\n\t[recaptcha]\n<\/div>\n<div class=\"form-group row\">\n\t<div class=\"col-sm-offset-2 col-10\">\n\t\t<div class=\"form-group wpcf7-form-control wpcf7-acceptance acceptance-279\"><div class=\"checkbox wpcf7-form-control wpcf7-acceptance acceptance-279\"><label ><input name=\"acceptance-279\" type=\"checkbox\" value=\"1\" aria-invalid=\"false\">&nbsp;&nbsp;Ich bin mit der Verarbeitung meiner Daten einverstanden<\/label><\/div><\/div>\n\t<\/div>\n<\/div>\n<div class=\"form-group row\">\n\t<div class=\"col-sm-offset-2 col-md-1 col-auto\">\n\t\t<div class=\"form-group\"><div><div class=\"cf7-cf-turnstile\" style=\"margin-top: 0px; margin-bottom: -15px;\"> <div id=\"cf-turnstile-cf7-222739217\" class=\"cf-turnstile\" data-sitekey=\"0x4AAAAAAA7pGSWgz6UBO84Q\" data-theme=\"light\" data-language=\"auto\" data-size=\"normal\" data-retry=\"auto\" data-retry-interval=\"1000\" data-refresh-expired=\"auto\" data-refresh-timeout=\"auto\" data-action=\"contact-form-7\" data-callback=\"turnstileCF7Callback\" data-appearance=\"always\"><\/div> <script>document.addEventListener(\"DOMContentLoaded\", function() { setTimeout(function(){ var e=document.getElementById(\"cf-turnstile-cf7-222739217\"); if(e&&!e.innerHTML.trim()){turnstile.render(e, {sitekey:\"0x4AAAAAAA7pGSWgz6UBO84Q\"});} }, 200); });<\/script> <br class=\"cf-turnstile-br cf-turnstile-br-cf7-222739217\"> <style>#cf-turnstile-cf7-222739217 { margin-left: -15px; }<\/style> <script>document.addEventListener(\"DOMContentLoaded\",function(){document.querySelectorAll('.wpcf7-form').forEach(function(e){e.addEventListener('submit',function(){if(document.getElementById('cf-turnstile-cf7-222739217')){setTimeout(function(){turnstile.reset('#cf-turnstile-cf7-222739217');},1000)}})})});<\/script> <\/div><br\/><input class=\"wpcf7-form-control wpcf7-submit btn btn-primary\" type=\"submit\" value=\"Senden\"><\/div><\/div>\n\t<\/div>\n<\/div><div class=\"wpcf7-response-output alert alert-warning\"><\/div>\n<\/form>\n<\/div>\n\n","protected":false},"excerpt":{"rendered":"<p>Zahnsteinentfernung mit Ultraschall Zahnstein ist verkalkter Zahnbelag, haftet sehr stark an den Zahnfl\u00e4chen, aber auch beim Zahnersatz. Die durch Ultraschall erzeugte Vibration der Luftbl\u00e4schen zersprengt beim Aufprall den Zahnstein. Polieren von Zahnoberfl\u00e4chen und Zahnzwischenr\u00e4umen mit Sandstrahler Mit dem Ger\u00e4t k\u00f6nnen Verf\u00e4rbungen des Zahnes entfernt werden, die Zahnzwischenr\u00e4ume und Br\u00fcckengliedseite zum Zahnfleisch k\u00f6nnen straff ges\u00e4ubert werden. [&hellip;]<\/p>\n","protected":false},"author":1,"featured_media":0,"parent":73,"menu_order":0,"comment_status":"closed","ping_status":"closed","template":"","meta":{"footnotes":""},"class_list":["post-77","page","type-page","status-publish","hentry"],"yoast_head":"<!-- This site is optimized with the Yoast SEO plugin v27.5 - https:\/\/yoast.com\/product\/yoast-seo-wordpress\/ -->\n<title>Zahnarztpraxis \u00bb Zahnarztordination in Nagykanizsa und Zalakaros \u00bb Mundhygienische behandlungen<\/title>\n<meta name=\"description\" content=\"In freundlicher Umgebung, ingut eingerichteten Ordinationen erwarte ich meine Patienten in Nagykanizsa und Zalakaros. Haben Sie Vertrauen!\" \/>\n<meta name=\"robots\" content=\"index, follow, max-snippet:-1, max-image-preview:large, max-video-preview:-1\" \/>\n<link rel=\"canonical\" href=\"https:\/\/www.mariannaapartman.hu\/de\/zahnarztpraxis\/services\/mundhygienische-behandlungen\/\" \/>\n<meta property=\"og:locale\" content=\"de_DE\" \/>\n<meta property=\"og:type\" content=\"article\" \/>\n<meta property=\"og:title\" content=\"Zahnarztpraxis \u00bb Zahnarztordination in Nagykanizsa und Zalakaros \u00bb Mundhygienische behandlungen\" \/>\n<meta property=\"og:description\" content=\"In freundlicher Umgebung, ingut eingerichteten Ordinationen erwarte ich meine Patienten in Nagykanizsa und Zalakaros. Haben Sie Vertrauen!\" \/>\n<meta property=\"og:url\" content=\"https:\/\/www.mariannaapartman.hu\/de\/zahnarztpraxis\/services\/mundhygienische-behandlungen\/\" \/>\n<meta property=\"og:site_name\" content=\"Marianna Apartmanh\u00e1z Zalakaros \u00bb Dr. Muczer Marianna fog\u00e1szati mag\u00e1npraxis\" \/>\n<meta property=\"article:modified_time\" content=\"2018-05-25T15:14:07+00:00\" \/>\n<meta property=\"og:image\" content=\"https:\/\/www.mariannaapartman.hu\/files\/polirozas-300x111.jpg\" \/>\n<meta name=\"twitter:card\" content=\"summary_large_image\" \/>\n<meta name=\"twitter:label1\" content=\"Gesch\u00e4tzte Lesezeit\" \/>\n\t<meta name=\"twitter:data1\" content=\"1\u00a0Minute\" \/>\n<script type=\"application\/ld+json\" class=\"yoast-schema-graph\">{\"@context\":\"https:\\\/\\\/schema.org\",\"@graph\":[{\"@type\":\"WebPage\",\"@id\":\"https:\\\/\\\/www.mariannaapartman.hu\\\/de\\\/zahnarztpraxis\\\/services\\\/mundhygienische-behandlungen\\\/\",\"url\":\"https:\\\/\\\/www.mariannaapartman.hu\\\/de\\\/zahnarztpraxis\\\/services\\\/mundhygienische-behandlungen\\\/\",\"name\":\"Zahnarztpraxis \u00bb Zahnarztordination in Nagykanizsa und Zalakaros \u00bb Mundhygienische behandlungen\",\"isPartOf\":{\"@id\":\"https:\\\/\\\/www.mariannaapartman.hu\\\/#website\"},\"primaryImageOfPage\":{\"@id\":\"https:\\\/\\\/www.mariannaapartman.hu\\\/de\\\/zahnarztpraxis\\\/services\\\/mundhygienische-behandlungen\\\/#primaryimage\"},\"image\":{\"@id\":\"https:\\\/\\\/www.mariannaapartman.hu\\\/de\\\/zahnarztpraxis\\\/services\\\/mundhygienische-behandlungen\\\/#primaryimage\"},\"thumbnailUrl\":\"https:\\\/\\\/www.mariannaapartman.hu\\\/files\\\/polirozas-300x111.jpg\",\"datePublished\":\"2018-04-25T13:37:02+00:00\",\"dateModified\":\"2018-05-25T15:14:07+00:00\",\"description\":\"In freundlicher Umgebung, ingut eingerichteten Ordinationen erwarte ich meine Patienten in Nagykanizsa und Zalakaros. Haben Sie Vertrauen!\",\"breadcrumb\":{\"@id\":\"https:\\\/\\\/www.mariannaapartman.hu\\\/de\\\/zahnarztpraxis\\\/services\\\/mundhygienische-behandlungen\\\/#breadcrumb\"},\"inLanguage\":\"de\",\"potentialAction\":[{\"@type\":\"ReadAction\",\"target\":[\"https:\\\/\\\/www.mariannaapartman.hu\\\/de\\\/zahnarztpraxis\\\/services\\\/mundhygienische-behandlungen\\\/\"]}]},{\"@type\":\"ImageObject\",\"inLanguage\":\"de\",\"@id\":\"https:\\\/\\\/www.mariannaapartman.hu\\\/de\\\/zahnarztpraxis\\\/services\\\/mundhygienische-behandlungen\\\/#primaryimage\",\"url\":\"https:\\\/\\\/www.mariannaapartman.hu\\\/files\\\/polirozas-300x111.jpg\",\"contentUrl\":\"https:\\\/\\\/www.mariannaapartman.hu\\\/files\\\/polirozas-300x111.jpg\"},{\"@type\":\"BreadcrumbList\",\"@id\":\"https:\\\/\\\/www.mariannaapartman.hu\\\/de\\\/zahnarztpraxis\\\/services\\\/mundhygienische-behandlungen\\\/#breadcrumb\",\"itemListElement\":[{\"@type\":\"ListItem\",\"position\":1,\"name\":\"Home\",\"item\":\"https:\\\/\\\/www.mariannaapartman.hu\\\/\"},{\"@type\":\"ListItem\",\"position\":2,\"name\":\"Zahnarztpraxis\",\"item\":\"https:\\\/\\\/www.mariannaapartman.hu\\\/de\\\/zahnarztpraxis\\\/\"},{\"@type\":\"ListItem\",\"position\":3,\"name\":\"Services\",\"item\":\"https:\\\/\\\/www.mariannaapartman.hu\\\/de\\\/zahnarztpraxis\\\/services\\\/\"},{\"@type\":\"ListItem\",\"position\":4,\"name\":\"Mundhygienische behandlungen\"}]},{\"@type\":\"WebSite\",\"@id\":\"https:\\\/\\\/www.mariannaapartman.hu\\\/#website\",\"url\":\"https:\\\/\\\/www.mariannaapartman.hu\\\/\",\"name\":\"Marianna Apartmanh\u00e1z Zalakaros \u00bb Dr. Muczer Marianna fog\u00e1szati mag\u00e1npraxis\",\"description\":\"\",\"potentialAction\":[{\"@type\":\"SearchAction\",\"target\":{\"@type\":\"EntryPoint\",\"urlTemplate\":\"https:\\\/\\\/www.mariannaapartman.hu\\\/?s={search_term_string}\"},\"query-input\":{\"@type\":\"PropertyValueSpecification\",\"valueRequired\":true,\"valueName\":\"search_term_string\"}}],\"inLanguage\":\"de\"}]}<\/script>\n<!-- \/ Yoast SEO plugin. -->","yoast_head_json":{"title":"Zahnarztpraxis \u00bb Zahnarztordination in Nagykanizsa und Zalakaros \u00bb Mundhygienische behandlungen","description":"In freundlicher Umgebung, ingut eingerichteten Ordinationen erwarte ich meine Patienten in Nagykanizsa und Zalakaros. Haben Sie Vertrauen!","robots":{"index":"index","follow":"follow","max-snippet":"max-snippet:-1","max-image-preview":"max-image-preview:large","max-video-preview":"max-video-preview:-1"},"canonical":"https:\/\/www.mariannaapartman.hu\/de\/zahnarztpraxis\/services\/mundhygienische-behandlungen\/","og_locale":"de_DE","og_type":"article","og_title":"Zahnarztpraxis \u00bb Zahnarztordination in Nagykanizsa und Zalakaros \u00bb Mundhygienische behandlungen","og_description":"In freundlicher Umgebung, ingut eingerichteten Ordinationen erwarte ich meine Patienten in Nagykanizsa und Zalakaros. Haben Sie Vertrauen!","og_url":"https:\/\/www.mariannaapartman.hu\/de\/zahnarztpraxis\/services\/mundhygienische-behandlungen\/","og_site_name":"Marianna Apartmanh\u00e1z Zalakaros \u00bb Dr. Muczer Marianna fog\u00e1szati mag\u00e1npraxis","article_modified_time":"2018-05-25T15:14:07+00:00","og_image":[{"url":"https:\/\/www.mariannaapartman.hu\/files\/polirozas-300x111.jpg","type":"","width":"","height":""}],"twitter_card":"summary_large_image","twitter_misc":{"Gesch\u00e4tzte Lesezeit":"1\u00a0Minute"},"schema":{"@context":"https:\/\/schema.org","@graph":[{"@type":"WebPage","@id":"https:\/\/www.mariannaapartman.hu\/de\/zahnarztpraxis\/services\/mundhygienische-behandlungen\/","url":"https:\/\/www.mariannaapartman.hu\/de\/zahnarztpraxis\/services\/mundhygienische-behandlungen\/","name":"Zahnarztpraxis \u00bb Zahnarztordination in Nagykanizsa und Zalakaros \u00bb Mundhygienische behandlungen","isPartOf":{"@id":"https:\/\/www.mariannaapartman.hu\/#website"},"primaryImageOfPage":{"@id":"https:\/\/www.mariannaapartman.hu\/de\/zahnarztpraxis\/services\/mundhygienische-behandlungen\/#primaryimage"},"image":{"@id":"https:\/\/www.mariannaapartman.hu\/de\/zahnarztpraxis\/services\/mundhygienische-behandlungen\/#primaryimage"},"thumbnailUrl":"https:\/\/www.mariannaapartman.hu\/files\/polirozas-300x111.jpg","datePublished":"2018-04-25T13:37:02+00:00","dateModified":"2018-05-25T15:14:07+00:00","description":"In freundlicher Umgebung, ingut eingerichteten Ordinationen erwarte ich meine Patienten in Nagykanizsa und Zalakaros. Haben Sie Vertrauen!","breadcrumb":{"@id":"https:\/\/www.mariannaapartman.hu\/de\/zahnarztpraxis\/services\/mundhygienische-behandlungen\/#breadcrumb"},"inLanguage":"de","potentialAction":[{"@type":"ReadAction","target":["https:\/\/www.mariannaapartman.hu\/de\/zahnarztpraxis\/services\/mundhygienische-behandlungen\/"]}]},{"@type":"ImageObject","inLanguage":"de","@id":"https:\/\/www.mariannaapartman.hu\/de\/zahnarztpraxis\/services\/mundhygienische-behandlungen\/#primaryimage","url":"https:\/\/www.mariannaapartman.hu\/files\/polirozas-300x111.jpg","contentUrl":"https:\/\/www.mariannaapartman.hu\/files\/polirozas-300x111.jpg"},{"@type":"BreadcrumbList","@id":"https:\/\/www.mariannaapartman.hu\/de\/zahnarztpraxis\/services\/mundhygienische-behandlungen\/#breadcrumb","itemListElement":[{"@type":"ListItem","position":1,"name":"Home","item":"https:\/\/www.mariannaapartman.hu\/"},{"@type":"ListItem","position":2,"name":"Zahnarztpraxis","item":"https:\/\/www.mariannaapartman.hu\/de\/zahnarztpraxis\/"},{"@type":"ListItem","position":3,"name":"Services","item":"https:\/\/www.mariannaapartman.hu\/de\/zahnarztpraxis\/services\/"},{"@type":"ListItem","position":4,"name":"Mundhygienische behandlungen"}]},{"@type":"WebSite","@id":"https:\/\/www.mariannaapartman.hu\/#website","url":"https:\/\/www.mariannaapartman.hu\/","name":"Marianna Apartmanh\u00e1z Zalakaros \u00bb Dr. Muczer Marianna fog\u00e1szati mag\u00e1npraxis","description":"","potentialAction":[{"@type":"SearchAction","target":{"@type":"EntryPoint","urlTemplate":"https:\/\/www.mariannaapartman.hu\/?s={search_term_string}"},"query-input":{"@type":"PropertyValueSpecification","valueRequired":true,"valueName":"search_term_string"}}],"inLanguage":"de"}]}},"_links":{"self":[{"href":"https:\/\/www.mariannaapartman.hu\/de\/wp-json\/wp\/v2\/pages\/77","targetHints":{"allow":["GET"]}}],"collection":[{"href":"https:\/\/www.mariannaapartman.hu\/de\/wp-json\/wp\/v2\/pages"}],"about":[{"href":"https:\/\/www.mariannaapartman.hu\/de\/wp-json\/wp\/v2\/types\/page"}],"author":[{"embeddable":true,"href":"https:\/\/www.mariannaapartman.hu\/de\/wp-json\/wp\/v2\/users\/1"}],"replies":[{"embeddable":true,"href":"https:\/\/www.mariannaapartman.hu\/de\/wp-json\/wp\/v2\/comments?post=77"}],"version-history":[{"count":0,"href":"https:\/\/www.mariannaapartman.hu\/de\/wp-json\/wp\/v2\/pages\/77\/revisions"}],"up":[{"embeddable":true,"href":"https:\/\/www.mariannaapartman.hu\/de\/wp-json\/wp\/v2\/pages\/73"}],"wp:attachment":[{"href":"https:\/\/www.mariannaapartman.hu\/de\/wp-json\/wp\/v2\/media?parent=77"}],"curies":[{"name":"wp","href":"https:\/\/api.w.org\/{rel}","templated":true}]}}