{"id":79,"date":"2018-04-25T13:42:23","date_gmt":"2018-04-25T13:42:23","guid":{"rendered":"https:\/\/www.mariannaapartman.hu\/?page_id=79"},"modified":"2018-05-25T15:12:02","modified_gmt":"2018-05-25T15:12:02","slug":"konservierende-zahnheilkunde","status":"publish","type":"page","link":"https:\/\/www.mariannaapartman.hu\/de\/zahnarztpraxis\/services\/konservierende-zahnheilkunde\/","title":{"rendered":"Konservierende zahnheilkunde"},"content":{"rendered":"<h2>Fissuren Schliessung<\/h2>\n<p>Die tiefen Fissuren der bleibenden Z\u00e4hne (nachdem die Milchz\u00e4hne heraus sind) werden mit einem gut fl\u00fcssigen F\u00fcllungsmaterial aufgef\u00fcllt, welches nach Aush\u00e4rtung die tiefen Fissuren verschlie\u00dft, so k\u00f6nnen diese Stellen besser gegen Karies gesch\u00fctzt werden.<\/p>\n<h2>Lichth\u00e4rtende \u00e4sthetische F\u00fcllungen<\/h2>\n<p><img loading=\"lazy\" decoding=\"async\" class=\"alignright wp-image-191\" src=\"https:\/\/www.mariannaapartman.hu\/files\/tomesek-300x258.jpg\" alt=\"\" width=\"217\" height=\"187\" srcset=\"https:\/\/www.mariannaapartman.hu\/files\/tomesek-300x258.jpg 300w, https:\/\/www.mariannaapartman.hu\/files\/tomesek.jpg 500w\" sizes=\"auto, (max-width: 217px) 100vw, 217px\" \/>Einen Austausch der alten F\u00fcllungen empfehlen wir dann, wenn neben den F\u00fcllungen Karies erneut vorhanden ist. Amalgamf\u00fcllungen werden unsererseits zum Austausch durch Kunststofff\u00fcllungen empfohlen, wenn die Metallausl\u00f6sungsuntersuchung nachweist, dass die F\u00fcllung nicht mehr stabil intakt ist, also die Legierungsmaterialien wie Quecksilber, Silber, Kupfer, Zink, Zinn in den Organismus gelangen k\u00f6nnen.<\/p>\n<p>Beim Austauschen der F\u00fcllung erh\u00e4lt der Patient eine moderne Kompositf\u00fcllung. Das Material ist Kunstharz, in dem sich in nano-Gr\u00f6\u00dfe Porzellan-, Glas- oder Kunststoffk\u00f6rnchen befinden. Der gr\u00f6\u00dfte Vorteil der wei\u00dfen F\u00fcllungen ist das nat\u00fcrliche Aussehen und die Tatsache, dass in den F\u00fcllungen keine allergenen oder toxischen Materialien enthalten sind, wie Quecksilber etc. Eine gut gemachte F\u00fcllung h\u00e4lt etwa 6-8 Jahre. Diese Art von F\u00fcllung wird bei kleineren L\u00f6chern angewandt, bei gr\u00f6\u00dferen Hohlr\u00e4umen empfehlen wir Inlay oder Onlay.<\/p>\n<h2>Inlay, onlay<\/h2>\n<p>Inlay und Onlay sind F\u00fcllungen, die im oder auf dem Zahn vorhandene Hohlr\u00e4ume ausf\u00fcllen sollen, die aber so gro\u00df sind, dass mit normaler F\u00fcllungstechnologie nicht angefertigt werden k\u00f6nnen. Darum m\u00fcssen sie nach Abdrucknahme vom Zahntechniker hergestellt werden.<\/p>\n<p>Die Fertigung von Inlays und Onlays erfolgt in zwei Behandlungen. Zuerst wird die alte F\u00fcllung oder der von Karies ev. befallener Teil entfernt, dann wird eine Kavit\u00e4t f\u00fcr die neue Einlage erstellt. Nach dem Abdruck dieses Hohlraumes macht der Zahntechniker das Inlay. Bis dieses fertig wird, erh\u00e4lt der Patient eine provisorische F\u00fcllung. Bei der zweiten Behandlung wird das vom Zahntechniker angefertigte Inlay, onlayInlay in den Zahn eingeklebt. Diese Inlays-Einlagen halten wesentlich l\u00e4nger als Kompositf\u00fcllungen, ihre Lebensdauer kann bis \u00fcber 20 Jahre betragen.<\/p>\n<p>Die Inlays- und Onlays-Einlagen k\u00f6nnen aus verschiedenem Material hergestellt weden wie aus: Komposit, Keramik, Gold, Galvano-Gold.<\/p>\n<div class=\"row gallery\">\n            <div class=\"col-md-6 col-lg-4\">\n                <div class=\"gallery-image-wrap\">\n                    <a data-gallery=\"gallery-1\" rel=\"gallery-1\" href=\"https:\/\/www.mariannaapartman.hu\/files\/inlay.jpg\">\n                        <img decoding=\"async\" src=\"https:\/\/www.mariannaapartman.hu\/files\/inlay-508x381.jpg\" alt=\"\" class=\"img-fluid\">\n                    <\/a>\n                <\/div>\n            <\/div>\n            <div class=\"col-md-6 col-lg-4\">\n                <div class=\"gallery-image-wrap\">\n                    <a data-gallery=\"gallery-1\" rel=\"gallery-1\" href=\"https:\/\/www.mariannaapartman.hu\/files\/inlay_3.png\">\n                        <img decoding=\"async\" src=\"https:\/\/www.mariannaapartman.hu\/files\/inlay_3-508x360.png\" alt=\"\" class=\"img-fluid\">\n                    <\/a>\n                <\/div>\n            <\/div>\n            <div class=\"col-md-6 col-lg-4\">\n                <div class=\"gallery-image-wrap\">\n                    <a data-gallery=\"gallery-1\" rel=\"gallery-1\" href=\"https:\/\/www.mariannaapartman.hu\/files\/inlay_2.jpg\">\n                        <img decoding=\"async\" src=\"https:\/\/www.mariannaapartman.hu\/files\/inlay_2-508x378.jpg\" alt=\"\" class=\"img-fluid\">\n                    <\/a>\n                <\/div>\n            <\/div><\/div>\n<h2>Wurzelbehandlung<\/h2>\n<p>In dieser Behandlung wird das infizierte, entz\u00fcndete Zahninnere mitsamt Nerv entfernt, der Wurzelkanal wird ges\u00e4ubert, desinfiziert, dann mit Wurzelf\u00fcllung versehen.<\/p>\n<p>Der wurzelbehandelte Zahn trocknet mit der Zeit aus, weil keine Blutversorgung mehr da ist. Danach treten Verf\u00e4rbungen des Zahnes auf, und der Zahn wird br\u00fcchiger &#8211; aus diesem Grund empfehlen wir eine \u00dcberkronung des wurzelbehandelten Zahnes.<\/p>\n\n<div class=\"wpcf7 no-js\" id=\"wpcf7-f159-o1\" lang=\"hu-HU\" dir=\"ltr\" data-wpcf7-id=\"159\">\n<div class=\"screen-reader-response\"><p role=\"status\" aria-live=\"polite\" aria-atomic=\"true\"><\/p> <ul><\/ul><\/div>\n<form action=\"\/de\/wp-json\/wp\/v2\/pages\/79#wpcf7-f159-o1\" method=\"post\" class=\"wpcf7-form init\" aria-label=\"Kapcsolatfelv\u00e9teli \u0171rlap\" novalidate=\"novalidate\" data-status=\"init\">\n<fieldset class=\"hidden-fields-container\"><input type=\"hidden\" name=\"_wpcf7\" value=\"159\" \/><input type=\"hidden\" name=\"_wpcf7_version\" value=\"6.1.5\" \/><input type=\"hidden\" name=\"_wpcf7_locale\" value=\"hu_HU\" \/><input type=\"hidden\" name=\"_wpcf7_unit_tag\" value=\"wpcf7-f159-o1\" \/><input type=\"hidden\" name=\"_wpcf7_container_post\" value=\"0\" \/><input type=\"hidden\" name=\"_wpcf7_posted_data_hash\" value=\"\" \/>\n<\/fieldset>\n<h1>Terminvereinbarung<\/h1>\n<p class=\"required\">Mit * markierte Felder sind Pflichtfelder, bitte unbedingt ausf\u00fcllen.<\/p>\n\n<div class=\"form-row\">\n    <div class=\"form-group col-md-6\">\n      <label for=\"nev\">Name*<\/label>\n      <div class=\"form-group nev\"><input class=\"wpcf7-form-control wpcf7-text wpcf7-validates-as-required form-control form-control\" name=\"nev\" type=\"text\" value=\"\" aria-invalid=\"false\" aria-required=\"true\" required><\/div>\n    <\/div>\n    <div class=\"form-group col-md-6\">\n      <label for=\"email\"\">E-mail*<\/label>\n      <div class=\"form-group email\"><input class=\"wpcf7-form-control wpcf7-email wpcf7-validates-as-required wpcf7-text wpcf7-validates-as-email form-control form-control\" name=\"email\" type=\"email\" value=\"\" aria-invalid=\"false\" aria-required=\"true\" required><\/div>\n    <\/div>\n<\/div>\n<div class=\"form-row\">\n    <div class=\"form-group col-md-6\">\n      <label for=\"telefon\">Telefon-Nr.*<\/label>\n      <div class=\"form-group telefon\"><input class=\"wpcf7-form-control wpcf7-text wpcf7-validates-as-required form-control form-control\" name=\"telefon\" type=\"text\" value=\"\" aria-invalid=\"false\" aria-required=\"true\" required><\/div>\n    <\/div>\n    <div class=\"form-group col-md-6\">\n      <label for=\"fax\"\">Adresse*<\/label>\n      <div class=\"form-group cim\"><input class=\"wpcf7-form-control wpcf7-text wpcf7-validates-as-required form-control form-control\" name=\"cim\" type=\"text\" value=\"\" aria-invalid=\"false\" aria-required=\"true\" required><\/div>\n    <\/div>\n<\/div>\n\n<div class=\"form-group\">\n    <label for=\"megjegyezes\">Beschreibung der Beschwerden*<\/label>\n    <div class=\"form-group uzenet\"><textarea class=\"wpcf7-form-control wpcf7-textarea wpcf7-validates-as-required form-control form-control\" name=\"uzenet\" rows=\"4\" aria-invalid=\"false\" aria-required=\"true\" required><\/textarea><\/div>\n<\/div>\n\n<div class=\"form-group\">\n\t[recaptcha]\n<\/div>\n<div class=\"form-group row\">\n\t<div class=\"col-sm-offset-2 col-10\">\n\t\t<div class=\"form-group wpcf7-form-control wpcf7-acceptance acceptance-279\"><div class=\"checkbox wpcf7-form-control wpcf7-acceptance acceptance-279\"><label ><input name=\"acceptance-279\" type=\"checkbox\" value=\"1\" aria-invalid=\"false\">&nbsp;&nbsp;Ich bin mit der Verarbeitung meiner Daten einverstanden<\/label><\/div><\/div>\n\t<\/div>\n<\/div>\n<div class=\"form-group row\">\n\t<div class=\"col-sm-offset-2 col-md-1 col-auto\">\n\t\t<div class=\"form-group\"><div><div class=\"cf7-cf-turnstile\" style=\"margin-top: 0px; margin-bottom: -15px;\"> <div id=\"cf-turnstile-cf7-1710843814\" class=\"cf-turnstile\" data-sitekey=\"0x4AAAAAAA7pGSWgz6UBO84Q\" data-theme=\"light\" data-language=\"auto\" data-size=\"normal\" data-retry=\"auto\" data-retry-interval=\"1000\" data-refresh-expired=\"auto\" data-action=\"contact-form-7\" data-appearance=\"always\"><\/div> <script>document.addEventListener(\"DOMContentLoaded\", function() { setTimeout(function(){ var e=document.getElementById(\"cf-turnstile-cf7-1710843814\"); e&&!e.innerHTML.trim()&&(turnstile.remove(\"#cf-turnstile-cf7-1710843814\"), turnstile.render(\"#cf-turnstile-cf7-1710843814\", {sitekey:\"0x4AAAAAAA7pGSWgz6UBO84Q\"})); }, 100); });<\/script> <br class=\"cf-turnstile-br cf-turnstile-br-cf7-1710843814\"> <style>#cf-turnstile-cf7-1710843814 { margin-left: -15px; }<\/style> <script>document.addEventListener(\"DOMContentLoaded\",function(){document.querySelectorAll('.wpcf7-form').forEach(function(e){e.addEventListener('submit',function(){if(document.getElementById('cf-turnstile-cf7-1710843814')){setTimeout(function(){turnstile.reset('#cf-turnstile-cf7-1710843814');},1000)}})})});<\/script> <\/div><br\/><input class=\"wpcf7-form-control wpcf7-submit btn btn-primary\" type=\"submit\" value=\"Senden\"><\/div><\/div>\n\t<\/div>\n<\/div><div class=\"wpcf7-response-output alert alert-warning\"><\/div>\n<\/form>\n<\/div>\n\n","protected":false},"excerpt":{"rendered":"<p>Fissuren Schliessung Die tiefen Fissuren der bleibenden Z\u00e4hne (nachdem die Milchz\u00e4hne heraus sind) werden mit einem gut fl\u00fcssigen F\u00fcllungsmaterial aufgef\u00fcllt, welches nach Aush\u00e4rtung die tiefen Fissuren verschlie\u00dft, so k\u00f6nnen diese Stellen besser gegen Karies gesch\u00fctzt werden. Lichth\u00e4rtende \u00e4sthetische F\u00fcllungen Einen Austausch der alten F\u00fcllungen empfehlen wir dann, wenn neben den F\u00fcllungen Karies erneut vorhanden ist. [&hellip;]<\/p>\n","protected":false},"author":1,"featured_media":0,"parent":73,"menu_order":0,"comment_status":"closed","ping_status":"closed","template":"","meta":{"footnotes":""},"class_list":["post-79","page","type-page","status-publish","hentry"],"yoast_head":"<!-- This site is optimized with the Yoast SEO plugin v27.1.1 - https:\/\/yoast.com\/product\/yoast-seo-wordpress\/ -->\n<title>Zahnarztpraxis \u00bb Zahnarztordination in Nagykanizsa und Zalakaros \u00bb Konservierende zahnheilkunde<\/title>\n<meta name=\"description\" content=\"In freundlicher Umgebung, ingut eingerichteten Ordinationen erwarte ich meine Patienten in Nagykanizsa und Zalakaros. Haben Sie Vertrauen!\" \/>\n<meta name=\"robots\" content=\"index, follow, max-snippet:-1, max-image-preview:large, max-video-preview:-1\" \/>\n<link rel=\"canonical\" href=\"https:\/\/www.mariannaapartman.hu\/de\/zahnarztpraxis\/services\/konservierende-zahnheilkunde\/\" \/>\n<meta property=\"og:locale\" content=\"de_DE\" \/>\n<meta property=\"og:type\" content=\"article\" \/>\n<meta property=\"og:title\" content=\"Zahnarztpraxis \u00bb Zahnarztordination in Nagykanizsa und Zalakaros \u00bb Konservierende zahnheilkunde\" \/>\n<meta property=\"og:description\" content=\"In freundlicher Umgebung, ingut eingerichteten Ordinationen erwarte ich meine Patienten in Nagykanizsa und Zalakaros. Haben Sie Vertrauen!\" \/>\n<meta property=\"og:url\" content=\"https:\/\/www.mariannaapartman.hu\/de\/zahnarztpraxis\/services\/konservierende-zahnheilkunde\/\" \/>\n<meta property=\"og:site_name\" content=\"Marianna Apartmanh\u00e1z Zalakaros \u00bb Dr. Muczer Marianna fog\u00e1szati mag\u00e1npraxis\" \/>\n<meta property=\"article:modified_time\" content=\"2018-05-25T15:12:02+00:00\" \/>\n<meta property=\"og:image\" content=\"https:\/\/www.mariannaapartman.hu\/files\/inlay-508x381.jpg\" \/>\n<meta name=\"twitter:card\" content=\"summary_large_image\" \/>\n<meta name=\"twitter:label1\" content=\"Gesch\u00e4tzte Lesezeit\" \/>\n\t<meta name=\"twitter:data1\" content=\"2\u00a0Minuten\" \/>\n<script type=\"application\/ld+json\" class=\"yoast-schema-graph\">{\"@context\":\"https:\/\/schema.org\",\"@graph\":[{\"@type\":\"WebPage\",\"@id\":\"https:\/\/www.mariannaapartman.hu\/de\/zahnarztpraxis\/services\/konservierende-zahnheilkunde\/\",\"url\":\"https:\/\/www.mariannaapartman.hu\/de\/zahnarztpraxis\/services\/konservierende-zahnheilkunde\/\",\"name\":\"Zahnarztpraxis \u00bb Zahnarztordination in Nagykanizsa und Zalakaros \u00bb Konservierende zahnheilkunde\",\"isPartOf\":{\"@id\":\"https:\/\/www.mariannaapartman.hu\/#website\"},\"primaryImageOfPage\":{\"@id\":\"https:\/\/www.mariannaapartman.hu\/de\/zahnarztpraxis\/services\/konservierende-zahnheilkunde\/#primaryimage\"},\"image\":{\"@id\":\"https:\/\/www.mariannaapartman.hu\/de\/zahnarztpraxis\/services\/konservierende-zahnheilkunde\/#primaryimage\"},\"thumbnailUrl\":\"https:\/\/www.mariannaapartman.hu\/files\/tomesek-300x258.jpg\",\"datePublished\":\"2018-04-25T13:42:23+00:00\",\"dateModified\":\"2018-05-25T15:12:02+00:00\",\"description\":\"In freundlicher Umgebung, ingut eingerichteten Ordinationen erwarte ich meine Patienten in Nagykanizsa und Zalakaros. Haben Sie Vertrauen!\",\"breadcrumb\":{\"@id\":\"https:\/\/www.mariannaapartman.hu\/de\/zahnarztpraxis\/services\/konservierende-zahnheilkunde\/#breadcrumb\"},\"inLanguage\":\"de\",\"potentialAction\":[{\"@type\":\"ReadAction\",\"target\":[\"https:\/\/www.mariannaapartman.hu\/de\/zahnarztpraxis\/services\/konservierende-zahnheilkunde\/\"]}]},{\"@type\":\"ImageObject\",\"inLanguage\":\"de\",\"@id\":\"https:\/\/www.mariannaapartman.hu\/de\/zahnarztpraxis\/services\/konservierende-zahnheilkunde\/#primaryimage\",\"url\":\"https:\/\/www.mariannaapartman.hu\/files\/tomesek-300x258.jpg\",\"contentUrl\":\"https:\/\/www.mariannaapartman.hu\/files\/tomesek-300x258.jpg\"},{\"@type\":\"BreadcrumbList\",\"@id\":\"https:\/\/www.mariannaapartman.hu\/de\/zahnarztpraxis\/services\/konservierende-zahnheilkunde\/#breadcrumb\",\"itemListElement\":[{\"@type\":\"ListItem\",\"position\":1,\"name\":\"Home\",\"item\":\"https:\/\/www.mariannaapartman.hu\/\"},{\"@type\":\"ListItem\",\"position\":2,\"name\":\"Zahnarztpraxis\",\"item\":\"https:\/\/www.mariannaapartman.hu\/de\/zahnarztpraxis\/\"},{\"@type\":\"ListItem\",\"position\":3,\"name\":\"Services\",\"item\":\"https:\/\/www.mariannaapartman.hu\/de\/zahnarztpraxis\/services\/\"},{\"@type\":\"ListItem\",\"position\":4,\"name\":\"Konservierende zahnheilkunde\"}]},{\"@type\":\"WebSite\",\"@id\":\"https:\/\/www.mariannaapartman.hu\/#website\",\"url\":\"https:\/\/www.mariannaapartman.hu\/\",\"name\":\"Marianna Apartmanh\u00e1z Zalakaros \u00bb Dr. Muczer Marianna fog\u00e1szati mag\u00e1npraxis\",\"description\":\"\",\"potentialAction\":[{\"@type\":\"SearchAction\",\"target\":{\"@type\":\"EntryPoint\",\"urlTemplate\":\"https:\/\/www.mariannaapartman.hu\/?s={search_term_string}\"},\"query-input\":{\"@type\":\"PropertyValueSpecification\",\"valueRequired\":true,\"valueName\":\"search_term_string\"}}],\"inLanguage\":\"de\"}]}<\/script>\n<!-- \/ Yoast SEO plugin. -->","yoast_head_json":{"title":"Zahnarztpraxis \u00bb Zahnarztordination in Nagykanizsa und Zalakaros \u00bb Konservierende zahnheilkunde","description":"In freundlicher Umgebung, ingut eingerichteten Ordinationen erwarte ich meine Patienten in Nagykanizsa und Zalakaros. Haben Sie Vertrauen!","robots":{"index":"index","follow":"follow","max-snippet":"max-snippet:-1","max-image-preview":"max-image-preview:large","max-video-preview":"max-video-preview:-1"},"canonical":"https:\/\/www.mariannaapartman.hu\/de\/zahnarztpraxis\/services\/konservierende-zahnheilkunde\/","og_locale":"de_DE","og_type":"article","og_title":"Zahnarztpraxis \u00bb Zahnarztordination in Nagykanizsa und Zalakaros \u00bb Konservierende zahnheilkunde","og_description":"In freundlicher Umgebung, ingut eingerichteten Ordinationen erwarte ich meine Patienten in Nagykanizsa und Zalakaros. Haben Sie Vertrauen!","og_url":"https:\/\/www.mariannaapartman.hu\/de\/zahnarztpraxis\/services\/konservierende-zahnheilkunde\/","og_site_name":"Marianna Apartmanh\u00e1z Zalakaros \u00bb Dr. Muczer Marianna fog\u00e1szati mag\u00e1npraxis","article_modified_time":"2018-05-25T15:12:02+00:00","og_image":[{"url":"https:\/\/www.mariannaapartman.hu\/files\/inlay-508x381.jpg","type":"","width":"","height":""}],"twitter_card":"summary_large_image","twitter_misc":{"Gesch\u00e4tzte Lesezeit":"2\u00a0Minuten"},"schema":{"@context":"https:\/\/schema.org","@graph":[{"@type":"WebPage","@id":"https:\/\/www.mariannaapartman.hu\/de\/zahnarztpraxis\/services\/konservierende-zahnheilkunde\/","url":"https:\/\/www.mariannaapartman.hu\/de\/zahnarztpraxis\/services\/konservierende-zahnheilkunde\/","name":"Zahnarztpraxis \u00bb Zahnarztordination in Nagykanizsa und Zalakaros \u00bb Konservierende zahnheilkunde","isPartOf":{"@id":"https:\/\/www.mariannaapartman.hu\/#website"},"primaryImageOfPage":{"@id":"https:\/\/www.mariannaapartman.hu\/de\/zahnarztpraxis\/services\/konservierende-zahnheilkunde\/#primaryimage"},"image":{"@id":"https:\/\/www.mariannaapartman.hu\/de\/zahnarztpraxis\/services\/konservierende-zahnheilkunde\/#primaryimage"},"thumbnailUrl":"https:\/\/www.mariannaapartman.hu\/files\/tomesek-300x258.jpg","datePublished":"2018-04-25T13:42:23+00:00","dateModified":"2018-05-25T15:12:02+00:00","description":"In freundlicher Umgebung, ingut eingerichteten Ordinationen erwarte ich meine Patienten in Nagykanizsa und Zalakaros. Haben Sie Vertrauen!","breadcrumb":{"@id":"https:\/\/www.mariannaapartman.hu\/de\/zahnarztpraxis\/services\/konservierende-zahnheilkunde\/#breadcrumb"},"inLanguage":"de","potentialAction":[{"@type":"ReadAction","target":["https:\/\/www.mariannaapartman.hu\/de\/zahnarztpraxis\/services\/konservierende-zahnheilkunde\/"]}]},{"@type":"ImageObject","inLanguage":"de","@id":"https:\/\/www.mariannaapartman.hu\/de\/zahnarztpraxis\/services\/konservierende-zahnheilkunde\/#primaryimage","url":"https:\/\/www.mariannaapartman.hu\/files\/tomesek-300x258.jpg","contentUrl":"https:\/\/www.mariannaapartman.hu\/files\/tomesek-300x258.jpg"},{"@type":"BreadcrumbList","@id":"https:\/\/www.mariannaapartman.hu\/de\/zahnarztpraxis\/services\/konservierende-zahnheilkunde\/#breadcrumb","itemListElement":[{"@type":"ListItem","position":1,"name":"Home","item":"https:\/\/www.mariannaapartman.hu\/"},{"@type":"ListItem","position":2,"name":"Zahnarztpraxis","item":"https:\/\/www.mariannaapartman.hu\/de\/zahnarztpraxis\/"},{"@type":"ListItem","position":3,"name":"Services","item":"https:\/\/www.mariannaapartman.hu\/de\/zahnarztpraxis\/services\/"},{"@type":"ListItem","position":4,"name":"Konservierende zahnheilkunde"}]},{"@type":"WebSite","@id":"https:\/\/www.mariannaapartman.hu\/#website","url":"https:\/\/www.mariannaapartman.hu\/","name":"Marianna Apartmanh\u00e1z Zalakaros \u00bb Dr. Muczer Marianna fog\u00e1szati mag\u00e1npraxis","description":"","potentialAction":[{"@type":"SearchAction","target":{"@type":"EntryPoint","urlTemplate":"https:\/\/www.mariannaapartman.hu\/?s={search_term_string}"},"query-input":{"@type":"PropertyValueSpecification","valueRequired":true,"valueName":"search_term_string"}}],"inLanguage":"de"}]}},"_links":{"self":[{"href":"https:\/\/www.mariannaapartman.hu\/de\/wp-json\/wp\/v2\/pages\/79","targetHints":{"allow":["GET"]}}],"collection":[{"href":"https:\/\/www.mariannaapartman.hu\/de\/wp-json\/wp\/v2\/pages"}],"about":[{"href":"https:\/\/www.mariannaapartman.hu\/de\/wp-json\/wp\/v2\/types\/page"}],"author":[{"embeddable":true,"href":"https:\/\/www.mariannaapartman.hu\/de\/wp-json\/wp\/v2\/users\/1"}],"replies":[{"embeddable":true,"href":"https:\/\/www.mariannaapartman.hu\/de\/wp-json\/wp\/v2\/comments?post=79"}],"version-history":[{"count":0,"href":"https:\/\/www.mariannaapartman.hu\/de\/wp-json\/wp\/v2\/pages\/79\/revisions"}],"up":[{"embeddable":true,"href":"https:\/\/www.mariannaapartman.hu\/de\/wp-json\/wp\/v2\/pages\/73"}],"wp:attachment":[{"href":"https:\/\/www.mariannaapartman.hu\/de\/wp-json\/wp\/v2\/media?parent=79"}],"curies":[{"name":"wp","href":"https:\/\/api.w.org\/{rel}","templated":true}]}}