{"id":133,"date":"2018-04-25T13:55:44","date_gmt":"2018-04-25T13:55:44","guid":{"rendered":"https:\/\/www.mariannaapartman.hu\/?page_id=133"},"modified":"2018-05-25T15:21:27","modified_gmt":"2018-05-25T15:21:27","slug":"zalakaros","status":"publish","type":"page","link":"https:\/\/www.mariannaapartman.hu\/en\/zalakaros\/","title":{"rendered":"Zalakaros"},"content":{"rendered":"<p>Zalakaros is the most flowery spa in Hungary. It is mostly famous for its thermal water and spa but this little town, surrounded by the hills of Zala, has got further natural attractions. The heart of Zalakaros is the spa, which targeted the medical and wellness tourism but it really offers full relaxation for every age group with its water-surface, sized 5000 m<sup>2<\/sup>.<\/p>\n<p>If you would like to know more about Zalakaros please visit the town\u2019s website: <a href=\"https:\/\/zalakaros.hu\/\" target=\"_blank\" rel=\"noopener\">www.zalakaros.hu<\/a><\/p>\n<div class=\"row gallery\">\n            <div class=\"col-md-6 col-lg-4\">\n                <div class=\"gallery-image-wrap\">\n                    <a data-gallery=\"gallery-1\" rel=\"gallery-1\" href=\"https:\/\/www.mariannaapartman.hu\/files\/zalakaros_1.jpg\">\n                        <img decoding=\"async\" src=\"https:\/\/www.mariannaapartman.hu\/files\/zalakaros_1-508x381.jpg\" alt=\"\" class=\"img-fluid\">\n                    <\/a>\n                <\/div>\n            <\/div>\n            <div class=\"col-md-6 col-lg-4\">\n                <div class=\"gallery-image-wrap\">\n                    <a data-gallery=\"gallery-1\" rel=\"gallery-1\" href=\"https:\/\/www.mariannaapartman.hu\/files\/zalakaros_2.jpg\">\n                        <img decoding=\"async\" src=\"https:\/\/www.mariannaapartman.hu\/files\/zalakaros_2-508x381.jpg\" alt=\"\" class=\"img-fluid\">\n                    <\/a>\n                <\/div>\n            <\/div>\n            <div class=\"col-md-6 col-lg-4\">\n                <div class=\"gallery-image-wrap\">\n                    <a data-gallery=\"gallery-1\" rel=\"gallery-1\" href=\"https:\/\/www.mariannaapartman.hu\/files\/zalakaros_3.jpg\">\n                        <img decoding=\"async\" src=\"https:\/\/www.mariannaapartman.hu\/files\/zalakaros_3-508x381.jpg\" alt=\"\" class=\"img-fluid\">\n                    <\/a>\n                <\/div>\n            <\/div><\/div>\n<p>&nbsp;<\/p>\n<h1>ZALAKAROS THERMAL-, FUNBATH AND PLAGE<\/h1>\n<p>The facilities of Gr\u00e1nit Gy\u00f3gyf\u00fcrd\u0151 Zrt in Zalakaros can assure calm relaxation, recreation and exciting bathing for the whole family all year, every day. In summer with more than 5000 m2 water-surface we expect our dear guests, from which 1500 m<sup>2<\/sup> water-surface is covered and available also in winter.<\/p>\n<p>You can read more about the spa on the homepage of Gr\u00e1nit Gy\u00f3gyf\u00fcrd\u0151 Zrt.: <a href=\"http:\/\/www.hellozalakaros.hu\/\" target=\"_blank\" rel=\"noopener\">www.hellozalakaros.hu<\/a><\/p>\n<div class=\"row gallery\">\n            <div class=\"col-md-6 col-lg-4\">\n                <div class=\"gallery-image-wrap\">\n                    <a data-gallery=\"gallery-2\" rel=\"gallery-2\" href=\"https:\/\/www.mariannaapartman.hu\/files\/furdo_1.jpg\">\n                        <img decoding=\"async\" src=\"https:\/\/www.mariannaapartman.hu\/files\/furdo_1-508x381.jpg\" alt=\"\" class=\"img-fluid\">\n                    <\/a>\n                <\/div>\n            <\/div>\n            <div class=\"col-md-6 col-lg-4\">\n                <div class=\"gallery-image-wrap\">\n                    <a data-gallery=\"gallery-2\" rel=\"gallery-2\" href=\"https:\/\/www.mariannaapartman.hu\/files\/furdo_2.jpg\">\n                        <img decoding=\"async\" src=\"https:\/\/www.mariannaapartman.hu\/files\/furdo_2-508x381.jpg\" alt=\"\" class=\"img-fluid\">\n                    <\/a>\n                <\/div>\n            <\/div>\n            <div class=\"col-md-6 col-lg-4\">\n                <div class=\"gallery-image-wrap\">\n                    <a data-gallery=\"gallery-2\" rel=\"gallery-2\" href=\"https:\/\/www.mariannaapartman.hu\/files\/furdo_3.jpg\">\n                        <img decoding=\"async\" src=\"https:\/\/www.mariannaapartman.hu\/files\/furdo_3-508x381.jpg\" alt=\"\" class=\"img-fluid\">\n                    <\/a>\n                <\/div>\n            <\/div><\/div>\n<p>&nbsp;<\/p>\n<h1>FREETIME FACILITIES IN ZALAKAROS AND ITS NEIGHBOURHOOD<\/h1>\n<p>Zalakaros and its environment are simply attracting the lovers of active relaxation. The hills and valleys of Zala county is a popular destination of hikers, its and ideal spot for excursions on vary difficulty levels. The district of Zala Valley and Kis Balaton is a flat area on the other side and it is highly recommended for cycling tours. You can use the several tennis courts, football pitches or you can also ride a horse. In a few kms distance you can go for a flight, go ballooning or hang gliding.<\/p>\n<p>You can find the following active freetime facilities below in Zalakaros and in its district (you can learn more by clicking on the links):<\/p>\n<ul>\n<li><a href=\"https:\/\/zalakaros.hu\/en\/leisure#sights\" target=\"_blank\" rel=\"noopener\">Excursions<\/a><\/li>\n<li><a href=\"https:\/\/zalakaros.hu\/en\/leisure#tours\" target=\"_blank\" rel=\"noopener\">Hiking tours<\/a><\/li>\n<li><a href=\"https:\/\/zalakaros.hu\/en\/bicycle-tours\" target=\"_blank\" rel=\"noopener\">Cycling tours<\/a><\/li>\n<li><a href=\"https:\/\/zalakaros.hu\/en\/leisure#sport\" target=\"_blank\" rel=\"noopener\">Sport facilities (fishing, horse-riding)<\/a><\/li>\n<\/ul>\n<div class=\"row gallery\">\n            <div class=\"col-md-6 col-lg-4\">\n                <div class=\"gallery-image-wrap\">\n                    <a data-gallery=\"gallery-3\" rel=\"gallery-3\" href=\"https:\/\/www.mariannaapartman.hu\/files\/zalakaros_latnivalo_1.jpg\">\n                        <img decoding=\"async\" src=\"https:\/\/www.mariannaapartman.hu\/files\/zalakaros_latnivalo_1-508x381.jpg\" alt=\"\" class=\"img-fluid\">\n                    <\/a>\n                <\/div>\n            <\/div>\n            <div class=\"col-md-6 col-lg-4\">\n                <div class=\"gallery-image-wrap\">\n                    <a data-gallery=\"gallery-3\" rel=\"gallery-3\" href=\"https:\/\/www.mariannaapartman.hu\/files\/zalakaros_latnivalo_2.jpg\">\n                        <img decoding=\"async\" src=\"https:\/\/www.mariannaapartman.hu\/files\/zalakaros_latnivalo_2-508x381.jpg\" alt=\"\" class=\"img-fluid\">\n                    <\/a>\n                <\/div>\n            <\/div>\n            <div class=\"col-md-6 col-lg-4\">\n                <div class=\"gallery-image-wrap\">\n                    <a data-gallery=\"gallery-3\" rel=\"gallery-3\" href=\"https:\/\/www.mariannaapartman.hu\/files\/zalakaros_latnivalo_3.jpg\">\n                        <img decoding=\"async\" src=\"https:\/\/www.mariannaapartman.hu\/files\/zalakaros_latnivalo_3-508x381.jpg\" alt=\"\" class=\"img-fluid\">\n                    <\/a>\n                <\/div>\n            <\/div><\/div>\n","protected":false},"excerpt":{"rendered":"<p>Zalakaros is the most flowery spa in Hungary. It is mostly famous for its thermal water and spa but this little town, surrounded by the hills of Zala, has got further natural attractions. The heart of Zalakaros is the spa, which targeted the medical and wellness tourism but it really offers full relaxation for every [&hellip;]<\/p>\n","protected":false},"author":1,"featured_media":0,"parent":0,"menu_order":0,"comment_status":"closed","ping_status":"closed","template":"","meta":{"footnotes":""},"class_list":["post-133","page","type-page","status-publish","hentry"],"yoast_head":"<!-- This site is optimized with the Yoast SEO plugin v27.1.1 - https:\/\/yoast.com\/product\/yoast-seo-wordpress\/ -->\n<title>Marianna Apaprtment House \u00bb Zalakaros \u00bb Dental Surgery<\/title>\n<meta name=\"description\" content=\"Relax in Zalakaros. Near the spa we warmly welcome our guests with well-equipped, comfortable accomodation and with excellent, high-tech dental services.\" \/>\n<meta name=\"robots\" content=\"index, follow, max-snippet:-1, max-image-preview:large, max-video-preview:-1\" \/>\n<link rel=\"canonical\" href=\"https:\/\/www.mariannaapartman.hu\/en\/zalakaros\/\" \/>\n<meta property=\"og:locale\" content=\"en_US\" \/>\n<meta property=\"og:type\" content=\"article\" \/>\n<meta property=\"og:title\" content=\"Marianna Apaprtment House \u00bb Zalakaros \u00bb Dental Surgery\" \/>\n<meta property=\"og:description\" content=\"Relax in Zalakaros. Near the spa we warmly welcome our guests with well-equipped, comfortable accomodation and with excellent, high-tech dental services.\" \/>\n<meta property=\"og:url\" content=\"https:\/\/www.mariannaapartman.hu\/en\/zalakaros\/\" \/>\n<meta property=\"og:site_name\" content=\"Marianna Apartmanh\u00e1z Zalakaros \u00bb Dr. Muczer Marianna fog\u00e1szati mag\u00e1npraxis\" \/>\n<meta property=\"article:modified_time\" content=\"2018-05-25T15:21:27+00:00\" \/>\n<meta property=\"og:image\" content=\"https:\/\/www.mariannaapartman.hu\/files\/zalakaros_1-508x381.jpg\" \/>\n<meta name=\"twitter:card\" content=\"summary_large_image\" \/>\n<meta name=\"twitter:label1\" content=\"Est. reading time\" \/>\n\t<meta name=\"twitter:data1\" content=\"2 minutes\" \/>\n<script type=\"application\/ld+json\" class=\"yoast-schema-graph\">{\"@context\":\"https:\/\/schema.org\",\"@graph\":[{\"@type\":\"WebPage\",\"@id\":\"https:\/\/www.mariannaapartman.hu\/en\/zalakaros\/\",\"url\":\"https:\/\/www.mariannaapartman.hu\/en\/zalakaros\/\",\"name\":\"Marianna Apaprtment House \u00bb Zalakaros \u00bb Dental Surgery\",\"isPartOf\":{\"@id\":\"https:\/\/www.mariannaapartman.hu\/#website\"},\"datePublished\":\"2018-04-25T13:55:44+00:00\",\"dateModified\":\"2018-05-25T15:21:27+00:00\",\"description\":\"Relax in Zalakaros. Near the spa we warmly welcome our guests with well-equipped, comfortable accomodation and with excellent, high-tech dental services.\",\"breadcrumb\":{\"@id\":\"https:\/\/www.mariannaapartman.hu\/en\/zalakaros\/#breadcrumb\"},\"inLanguage\":\"en-US\",\"potentialAction\":[{\"@type\":\"ReadAction\",\"target\":[\"https:\/\/www.mariannaapartman.hu\/en\/zalakaros\/\"]}]},{\"@type\":\"BreadcrumbList\",\"@id\":\"https:\/\/www.mariannaapartman.hu\/en\/zalakaros\/#breadcrumb\",\"itemListElement\":[{\"@type\":\"ListItem\",\"position\":1,\"name\":\"Home\",\"item\":\"https:\/\/www.mariannaapartman.hu\/\"},{\"@type\":\"ListItem\",\"position\":2,\"name\":\"Zalakaros\"}]},{\"@type\":\"WebSite\",\"@id\":\"https:\/\/www.mariannaapartman.hu\/#website\",\"url\":\"https:\/\/www.mariannaapartman.hu\/\",\"name\":\"Marianna Apartmanh\u00e1z Zalakaros \u00bb Dr. Muczer Marianna fog\u00e1szati mag\u00e1npraxis\",\"description\":\"\",\"potentialAction\":[{\"@type\":\"SearchAction\",\"target\":{\"@type\":\"EntryPoint\",\"urlTemplate\":\"https:\/\/www.mariannaapartman.hu\/?s={search_term_string}\"},\"query-input\":{\"@type\":\"PropertyValueSpecification\",\"valueRequired\":true,\"valueName\":\"search_term_string\"}}],\"inLanguage\":\"en-US\"}]}<\/script>\n<!-- \/ Yoast SEO plugin. -->","yoast_head_json":{"title":"Marianna Apaprtment House \u00bb Zalakaros \u00bb Dental Surgery","description":"Relax in Zalakaros. Near the spa we warmly welcome our guests with well-equipped, comfortable accomodation and with excellent, high-tech dental services.","robots":{"index":"index","follow":"follow","max-snippet":"max-snippet:-1","max-image-preview":"max-image-preview:large","max-video-preview":"max-video-preview:-1"},"canonical":"https:\/\/www.mariannaapartman.hu\/en\/zalakaros\/","og_locale":"en_US","og_type":"article","og_title":"Marianna Apaprtment House \u00bb Zalakaros \u00bb Dental Surgery","og_description":"Relax in Zalakaros. Near the spa we warmly welcome our guests with well-equipped, comfortable accomodation and with excellent, high-tech dental services.","og_url":"https:\/\/www.mariannaapartman.hu\/en\/zalakaros\/","og_site_name":"Marianna Apartmanh\u00e1z Zalakaros \u00bb Dr. Muczer Marianna fog\u00e1szati mag\u00e1npraxis","article_modified_time":"2018-05-25T15:21:27+00:00","og_image":[{"url":"https:\/\/www.mariannaapartman.hu\/files\/zalakaros_1-508x381.jpg","type":"","width":"","height":""}],"twitter_card":"summary_large_image","twitter_misc":{"Est. reading time":"2 minutes"},"schema":{"@context":"https:\/\/schema.org","@graph":[{"@type":"WebPage","@id":"https:\/\/www.mariannaapartman.hu\/en\/zalakaros\/","url":"https:\/\/www.mariannaapartman.hu\/en\/zalakaros\/","name":"Marianna Apaprtment House \u00bb Zalakaros \u00bb Dental Surgery","isPartOf":{"@id":"https:\/\/www.mariannaapartman.hu\/#website"},"datePublished":"2018-04-25T13:55:44+00:00","dateModified":"2018-05-25T15:21:27+00:00","description":"Relax in Zalakaros. Near the spa we warmly welcome our guests with well-equipped, comfortable accomodation and with excellent, high-tech dental services.","breadcrumb":{"@id":"https:\/\/www.mariannaapartman.hu\/en\/zalakaros\/#breadcrumb"},"inLanguage":"en-US","potentialAction":[{"@type":"ReadAction","target":["https:\/\/www.mariannaapartman.hu\/en\/zalakaros\/"]}]},{"@type":"BreadcrumbList","@id":"https:\/\/www.mariannaapartman.hu\/en\/zalakaros\/#breadcrumb","itemListElement":[{"@type":"ListItem","position":1,"name":"Home","item":"https:\/\/www.mariannaapartman.hu\/"},{"@type":"ListItem","position":2,"name":"Zalakaros"}]},{"@type":"WebSite","@id":"https:\/\/www.mariannaapartman.hu\/#website","url":"https:\/\/www.mariannaapartman.hu\/","name":"Marianna Apartmanh\u00e1z Zalakaros \u00bb Dr. Muczer Marianna fog\u00e1szati mag\u00e1npraxis","description":"","potentialAction":[{"@type":"SearchAction","target":{"@type":"EntryPoint","urlTemplate":"https:\/\/www.mariannaapartman.hu\/?s={search_term_string}"},"query-input":{"@type":"PropertyValueSpecification","valueRequired":true,"valueName":"search_term_string"}}],"inLanguage":"en-US"}]}},"_links":{"self":[{"href":"https:\/\/www.mariannaapartman.hu\/en\/wp-json\/wp\/v2\/pages\/133","targetHints":{"allow":["GET"]}}],"collection":[{"href":"https:\/\/www.mariannaapartman.hu\/en\/wp-json\/wp\/v2\/pages"}],"about":[{"href":"https:\/\/www.mariannaapartman.hu\/en\/wp-json\/wp\/v2\/types\/page"}],"author":[{"embeddable":true,"href":"https:\/\/www.mariannaapartman.hu\/en\/wp-json\/wp\/v2\/users\/1"}],"replies":[{"embeddable":true,"href":"https:\/\/www.mariannaapartman.hu\/en\/wp-json\/wp\/v2\/comments?post=133"}],"version-history":[{"count":0,"href":"https:\/\/www.mariannaapartman.hu\/en\/wp-json\/wp\/v2\/pages\/133\/revisions"}],"wp:attachment":[{"href":"https:\/\/www.mariannaapartman.hu\/en\/wp-json\/wp\/v2\/media?parent=133"}],"curies":[{"name":"wp","href":"https:\/\/api.w.org\/{rel}","templated":true}]}}